{"id":3516,"date":"2020-11-05T10:51:16","date_gmt":"2020-12-18T08:13:02","guid":{"rendered":"http:\/\/rayt.com\/?post_type=product&#038;p=3516"},"modified":"2021-02-18T11:47:30","modified_gmt":"2021-02-18T11:47:30","slug":"g-111-mi-n","status":"publish","type":"product","link":"https:\/\/rayt.com\/ca\/producto\/g-111-mi-n\/","title":{"rendered":"G-111-MI N"},"content":{"rendered":"<p>ADHESIU SINT\u00c8TIC EN DISPERSI\u00d3 AQUOSA PER LAMINACI\u00d3 DE PAPER I CARTR\u00d3. ALTA QUALITAT.<br \/>\nAdhesiu d&#8217;elevada qualitat per contraencolat de cartr\u00f3 ondulat o microcanal en m\u00e0quines que treballin format a format o partint de bobina.<\/p>\n<h4>CARACTER\u00cdSTIQUES<\/h4>\n<p>Contraencolat de cartr\u00f3, cartronet i microcanal en m\u00e0quines autom\u00e0tiques (TRILAM, HISPALAM, \u0085), partint de format o de bobina.<br \/>\nMolt alta qualitat d&#8217;encolat.<br \/>\nVelocitat de fraguat r\u00e0pida.<br \/>\nNul\u00b7la formaci\u00f3 de fils.<br \/>\nCompleix amb FDA 175.105 per a contacte indirecte amb aliments.<\/p>\n","protected":false},"excerpt":{"rendered":"<p>ADHESIU SINT\u00c8TIC EN DISPERSI\u00d3 AQUOSA PER LAMINACI\u00d3 DE PAPER I<\/p>\n","protected":false},"featured_media":3045,"comment_status":"open","ping_status":"closed","template":"","meta":{"_acf_changed":false},"product_cat":[1393,1657,690,651,600,696,699],"product_tag":[],"acf":[],"_links":{"self":[{"href":"https:\/\/rayt.com\/ca\/wp-json\/wp\/v2\/product\/3516"}],"collection":[{"href":"https:\/\/rayt.com\/ca\/wp-json\/wp\/v2\/product"}],"about":[{"href":"https:\/\/rayt.com\/ca\/wp-json\/wp\/v2\/types\/product"}],"replies":[{"embeddable":true,"href":"https:\/\/rayt.com\/ca\/wp-json\/wp\/v2\/comments?post=3516"}],"wp:featuredmedia":[{"embeddable":true,"href":"https:\/\/rayt.com\/ca\/wp-json\/wp\/v2\/media\/3045"}],"wp:attachment":[{"href":"https:\/\/rayt.com\/ca\/wp-json\/wp\/v2\/media?parent=3516"}],"wp:term":[{"taxonomy":"product_cat","embeddable":true,"href":"https:\/\/rayt.com\/ca\/wp-json\/wp\/v2\/product_cat?post=3516"},{"taxonomy":"product_tag","embeddable":true,"href":"https:\/\/rayt.com\/ca\/wp-json\/wp\/v2\/product_tag?post=3516"}],"curies":[{"name":"wp","href":"https:\/\/api.w.org\/{rel}","templated":true}]}}