{"id":3525,"date":"2020-11-05T11:20:27","date_gmt":"2020-12-18T08:29:43","guid":{"rendered":"http:\/\/rayt.com\/?post_type=product&#038;p=3525"},"modified":"2021-02-18T11:50:30","modified_gmt":"2021-02-18T11:50:30","slug":"g-182-co","status":"publish","type":"product","link":"https:\/\/rayt.com\/ca\/producto\/g-182-co\/","title":{"rendered":"G-182-CO"},"content":{"rendered":"<p>ADHESIU SINT\u00c8TIC EN DISPERSI\u00d3 AQUOSA PER LAMINACI\u00d3 DE PAPER I CARTR\u00d3. PUR, SENSE C\u00c0RREGUES.<br \/>\nAdhesiu adequat per contraencolat de cartr\u00f3 ondulat, cartronet o microcanal en m\u00e0quines que treballin format a format o partint de bobina.<\/p>\n<h4>CARACTER\u00cdSTIQUES<\/h4>\n<p>Contraencolat de cartr\u00f3, cartronet, microcanal i escumes en m\u00e0quines autom\u00e0tiques del tipus ASITRADE, IOBOX, CONTROLING, STOCK, UNIVERSAL, GRASSI, TRILAM, HISPALAM, POLILAM, L\u00c1MINA, T\u00dcNKERS, etc.<br \/>\nAdequat per a aplicadors per injecci\u00f3.<br \/>\nVelocitat de fraguat r\u00e0pida.<br \/>\nExent de c\u00e0rregues.<br \/>\nCompleix amb FDA 175.105 per a contacte indirecte amb aliments.<\/p>\n","protected":false},"excerpt":{"rendered":"<p>ADHESIU SINT\u00c8TIC EN DISPERSI\u00d3 AQUOSA PER LAMINACI\u00d3 DE PAPER I<\/p>\n","protected":false},"featured_media":3045,"comment_status":"open","ping_status":"closed","template":"","meta":{"_acf_changed":false},"product_cat":[1393,690,651,600,699],"product_tag":[],"acf":[],"_links":{"self":[{"href":"https:\/\/rayt.com\/ca\/wp-json\/wp\/v2\/product\/3525"}],"collection":[{"href":"https:\/\/rayt.com\/ca\/wp-json\/wp\/v2\/product"}],"about":[{"href":"https:\/\/rayt.com\/ca\/wp-json\/wp\/v2\/types\/product"}],"replies":[{"embeddable":true,"href":"https:\/\/rayt.com\/ca\/wp-json\/wp\/v2\/comments?post=3525"}],"wp:featuredmedia":[{"embeddable":true,"href":"https:\/\/rayt.com\/ca\/wp-json\/wp\/v2\/media\/3045"}],"wp:attachment":[{"href":"https:\/\/rayt.com\/ca\/wp-json\/wp\/v2\/media?parent=3525"}],"wp:term":[{"taxonomy":"product_cat","embeddable":true,"href":"https:\/\/rayt.com\/ca\/wp-json\/wp\/v2\/product_cat?post=3525"},{"taxonomy":"product_tag","embeddable":true,"href":"https:\/\/rayt.com\/ca\/wp-json\/wp\/v2\/product_tag?post=3525"}],"curies":[{"name":"wp","href":"https:\/\/api.w.org\/{rel}","templated":true}]}}