{"id":3534,"date":"2020-11-05T10:58:18","date_gmt":"2020-12-18T08:39:10","guid":{"rendered":"http:\/\/rayt.com\/?post_type=product&#038;p=3534"},"modified":"2020-12-18T08:39:10","modified_gmt":"2020-12-18T08:39:10","slug":"gv-120-mi","status":"publish","type":"product","link":"https:\/\/rayt.com\/ca\/producto\/gv-120-mi\/","title":{"rendered":"GV-120-MI"},"content":{"rendered":"<p>ADHESIU AQU\u00d3S BASE MID\u00d3 PER CONTRAENCOLAT. STANDARD.<br \/>\nAdhesiu per al contraencolat en l\u00ednia, bobina o format de microcanal, minimicro, canal 3, etc., Per a m\u00e0quines de velocitat mitjana i alta.<\/p>\n<h4>CARACTER\u00cdSTIQUES<\/h4>\n<p>Adequat per m\u00e0quines tipus ASITRADE, IOBOX, CONTROLING, STOCK, UNIVERSAL, GRASSI, TRILAM, HISPALAM, POLILAM, L\u00c1MINA, T\u00dcNKERS, etc.<br \/>\nAdequat per m\u00e0quines de mitja i alta velocitat.<br \/>\nAssecat final a la pila.<br \/>\nAplicable a 30-35\u00baC.<br \/>\nBon tack en humit.<br \/>\nCompleix amb FDA 175.105 per a contacte indirecte amb aliments.<\/p>\n","protected":false},"excerpt":{"rendered":"<p>ADHESIU AQU\u00d3S BASE MID\u00d3 PER CONTRAENCOLAT. STANDARD. Adhesiu per al<\/p>\n","protected":false},"featured_media":3045,"comment_status":"open","ping_status":"closed","template":"","meta":{"_acf_changed":false},"product_cat":[690,651,600,696],"product_tag":[],"acf":[],"_links":{"self":[{"href":"https:\/\/rayt.com\/ca\/wp-json\/wp\/v2\/product\/3534"}],"collection":[{"href":"https:\/\/rayt.com\/ca\/wp-json\/wp\/v2\/product"}],"about":[{"href":"https:\/\/rayt.com\/ca\/wp-json\/wp\/v2\/types\/product"}],"replies":[{"embeddable":true,"href":"https:\/\/rayt.com\/ca\/wp-json\/wp\/v2\/comments?post=3534"}],"wp:featuredmedia":[{"embeddable":true,"href":"https:\/\/rayt.com\/ca\/wp-json\/wp\/v2\/media\/3045"}],"wp:attachment":[{"href":"https:\/\/rayt.com\/ca\/wp-json\/wp\/v2\/media?parent=3534"}],"wp:term":[{"taxonomy":"product_cat","embeddable":true,"href":"https:\/\/rayt.com\/ca\/wp-json\/wp\/v2\/product_cat?post=3534"},{"taxonomy":"product_tag","embeddable":true,"href":"https:\/\/rayt.com\/ca\/wp-json\/wp\/v2\/product_tag?post=3534"}],"curies":[{"name":"wp","href":"https:\/\/api.w.org\/{rel}","templated":true}]}}