{"id":3552,"date":"2020-11-05T10:38:46","date_gmt":"2020-12-18T09:04:52","guid":{"rendered":"http:\/\/rayt.com\/?post_type=product&#038;p=3552"},"modified":"2021-02-18T11:53:38","modified_gmt":"2021-02-18T11:53:38","slug":"rayt-corrugate-200-mi-polvo","status":"publish","type":"product","link":"https:\/\/rayt.com\/ca\/producto\/rayt-corrugate-200-mi-polvo\/","title":{"rendered":"RAYT CORRUGATE 200 MI POLVO"},"content":{"rendered":"<p>ADHESIU PER A LA FABRICACI\u00d3 DE L&#8217;ONA: PROC\u00c9S STEIN-HALL.<br \/>\nAdhesiu one-shot de r\u00e0pid enduriment per a la fabricaci\u00f3 de cartr\u00f3 ondulat pel proc\u00e9s Stein-Hall.<\/p>\n<h4>CARACTER\u00cdSTIQUES<\/h4>\n<p>Alternativa preparada per a les coles sistema Stein-Hall.<br \/>\nAdhesiu en pols, blanc, parcialment soluble en aigua.<br \/>\nLlesta a l&#8217;\u00fas, nom\u00e9s requereix l&#8217;addici\u00f3 d&#8217;aigua.<br \/>\nAdhesiu one-shot.<br \/>\nFraguat r\u00e0pid.<br \/>\nCompleix amb FDA 175.105 per a contacte indirecte amb aliments.<\/p>\n","protected":false},"excerpt":{"rendered":"<p>ADHESIU PER A LA FABRICACI\u00d3 DE L&#8217;ONA: PROC\u00c9S STEIN-HALL. Adhesiu<\/p>\n","protected":false},"featured_media":3553,"comment_status":"open","ping_status":"closed","template":"","meta":{"_acf_changed":false},"product_cat":[1688,690,651,693,600],"product_tag":[],"acf":[],"_links":{"self":[{"href":"https:\/\/rayt.com\/ca\/wp-json\/wp\/v2\/product\/3552"}],"collection":[{"href":"https:\/\/rayt.com\/ca\/wp-json\/wp\/v2\/product"}],"about":[{"href":"https:\/\/rayt.com\/ca\/wp-json\/wp\/v2\/types\/product"}],"replies":[{"embeddable":true,"href":"https:\/\/rayt.com\/ca\/wp-json\/wp\/v2\/comments?post=3552"}],"wp:featuredmedia":[{"embeddable":true,"href":"https:\/\/rayt.com\/ca\/wp-json\/wp\/v2\/media\/3553"}],"wp:attachment":[{"href":"https:\/\/rayt.com\/ca\/wp-json\/wp\/v2\/media?parent=3552"}],"wp:term":[{"taxonomy":"product_cat","embeddable":true,"href":"https:\/\/rayt.com\/ca\/wp-json\/wp\/v2\/product_cat?post=3552"},{"taxonomy":"product_tag","embeddable":true,"href":"https:\/\/rayt.com\/ca\/wp-json\/wp\/v2\/product_tag?post=3552"}],"curies":[{"name":"wp","href":"https:\/\/api.w.org\/{rel}","templated":true}]}}