{"id":3567,"date":"2020-10-28T11:11:25","date_gmt":"2020-12-18T09:27:16","guid":{"rendered":"http:\/\/rayt.com\/?post_type=product&#038;p=3567"},"modified":"2021-02-15T08:48:25","modified_gmt":"2021-02-15T08:48:25","slug":"ma-150-amarilla","status":"publish","type":"product","link":"https:\/\/rayt.com\/ca\/producto\/ma-150-amarilla\/","title":{"rendered":"MA-150 AMARILLA"},"content":{"rendered":"<p>COLA BLANCA DE ACETATO DE POLIVINILO PARA MADERA. ADHESIVO R\u00c1PIDO DE COLOR AMARILLO PARA ENSAMBLAJE.<br \/>\nAdhesivo de ensamblaje de color amarillo.<br \/>\nEspecial para madera maciza, tablero alistonado, finger-joint y todo tipo de trabajos de carpinter\u00eda.<\/p>\n<h4>CARACTER\u00cdSTICAS<\/h4>\n<p>Fuerte agarre en h\u00famedo, gran penetraci\u00f3n en la madera y r\u00e1pido fraguado.<br \/>\nEncolado r\u00e1pido de madera maciza y chapa de madera.<br \/>\nBuena resistencia al calor y a la tracci\u00f3n.<br \/>\nPigmentado en amarillo.<\/p>\n","protected":false},"excerpt":{"rendered":"<p>COLA BLANCA DE ACETATO DE POLIVINILO PARA MADERA. ADHESIVO R\u00c1PIDO<\/p>\n","protected":false},"featured_media":2982,"comment_status":"open","ping_status":"closed","template":"","meta":{"_acf_changed":false},"product_cat":[811,1444,600,755,817],"product_tag":[],"acf":[],"_links":{"self":[{"href":"https:\/\/rayt.com\/ca\/wp-json\/wp\/v2\/product\/3567"}],"collection":[{"href":"https:\/\/rayt.com\/ca\/wp-json\/wp\/v2\/product"}],"about":[{"href":"https:\/\/rayt.com\/ca\/wp-json\/wp\/v2\/types\/product"}],"replies":[{"embeddable":true,"href":"https:\/\/rayt.com\/ca\/wp-json\/wp\/v2\/comments?post=3567"}],"wp:featuredmedia":[{"embeddable":true,"href":"https:\/\/rayt.com\/ca\/wp-json\/wp\/v2\/media\/2982"}],"wp:attachment":[{"href":"https:\/\/rayt.com\/ca\/wp-json\/wp\/v2\/media?parent=3567"}],"wp:term":[{"taxonomy":"product_cat","embeddable":true,"href":"https:\/\/rayt.com\/ca\/wp-json\/wp\/v2\/product_cat?post=3567"},{"taxonomy":"product_tag","embeddable":true,"href":"https:\/\/rayt.com\/ca\/wp-json\/wp\/v2\/product_tag?post=3567"}],"curies":[{"name":"wp","href":"https:\/\/api.w.org\/{rel}","templated":true}]}}