{"id":3568,"date":"2020-11-05T08:10:14","date_gmt":"2020-12-18T09:24:11","guid":{"rendered":"http:\/\/rayt.com\/?post_type=product&#038;p=3568"},"modified":"2021-02-18T11:36:18","modified_gmt":"2021-02-18T11:36:18","slug":"g-122-sa-especial","status":"publish","type":"product","link":"https:\/\/rayt.com\/ca\/producto\/g-122-sa-especial\/","title":{"rendered":"G-122-SA ESPECIAL"},"content":{"rendered":"<p>ADHESIU SINT\u00c8TIC EN DISPERSI\u00d3 AQUOSA PER AL ENCOLAT DEL FULL INTERIOR DE POLIETIL\u00c8 ALS SACS DE PAPER. SUBJECCI\u00d3 FORTA.<br \/>\nAdhesiu adequat per a la fabricaci\u00f3 de sacs de paper, per l&#8217;enganxat del film de polietil\u00e8 tractat o sense tractar, amb el paper kraft dels sacs.<\/p>\n<h4>CARACTER\u00cdSTIQUES<\/h4>\n<p>Subjecci\u00f3 de film de polietil\u00e8 a paper kraft, amb arrencada de fibra en cas de polietilens tractats.<br \/>\nUtilitzable en la majoria de m\u00e0quines convencionals.<br \/>\nAbs\u00e8ncia d&#8217;esquitxades i d&#8217;escuma en l&#8217;aplicador.<br \/>\nCompleix amb FDA 175.105 per a contacte indirecte amb aliments.<\/p>\n","protected":false},"excerpt":{"rendered":"<p>ADHESIU SINT\u00c8TIC EN DISPERSI\u00d3 AQUOSA PER AL ENCOLAT DEL FULL<\/p>\n","protected":false},"featured_media":3045,"comment_status":"open","ping_status":"closed","template":"","meta":{"_acf_changed":false},"product_cat":[1656,684,651,687,600],"product_tag":[],"acf":[],"_links":{"self":[{"href":"https:\/\/rayt.com\/ca\/wp-json\/wp\/v2\/product\/3568"}],"collection":[{"href":"https:\/\/rayt.com\/ca\/wp-json\/wp\/v2\/product"}],"about":[{"href":"https:\/\/rayt.com\/ca\/wp-json\/wp\/v2\/types\/product"}],"replies":[{"embeddable":true,"href":"https:\/\/rayt.com\/ca\/wp-json\/wp\/v2\/comments?post=3568"}],"wp:featuredmedia":[{"embeddable":true,"href":"https:\/\/rayt.com\/ca\/wp-json\/wp\/v2\/media\/3045"}],"wp:attachment":[{"href":"https:\/\/rayt.com\/ca\/wp-json\/wp\/v2\/media?parent=3568"}],"wp:term":[{"taxonomy":"product_cat","embeddable":true,"href":"https:\/\/rayt.com\/ca\/wp-json\/wp\/v2\/product_cat?post=3568"},{"taxonomy":"product_tag","embeddable":true,"href":"https:\/\/rayt.com\/ca\/wp-json\/wp\/v2\/product_tag?post=3568"}],"curies":[{"name":"wp","href":"https:\/\/api.w.org\/{rel}","templated":true}]}}