{"id":3572,"date":"2020-11-05T08:13:01","date_gmt":"2020-12-18T09:32:55","guid":{"rendered":"http:\/\/rayt.com\/?post_type=product&#038;p=3572"},"modified":"2021-02-18T11:38:36","modified_gmt":"2021-02-18T11:38:36","slug":"g-125-sa","status":"publish","type":"product","link":"https:\/\/rayt.com\/ca\/producto\/g-125-sa\/","title":{"rendered":"G-125 SA"},"content":{"rendered":"<p>ADHESIU SINT\u00c8TIC EN DISPERSI\u00d3 AQUOSA PER AL ENCOLAT DEL FULL INTERIOR DE POLIETIL\u00c8 ALS SACS DE PAPER. AMB ARRENCADA DE FIBRA.<br \/>\nAdhesiu adequat per a la fabricaci\u00f3 de sacs i bosses, especialment per a la subjecci\u00f3 de la capa interior de polietil\u00e8 a les exteriors de paper, aconseguint una arrencada de fibra en la major part dels casos.<\/p>\n<h4>CARACTER\u00cdSTIQUES<\/h4>\n<p>Subjecci\u00f3 de film de polietil\u00e8 a paper kraft, amb arrencada de fibra fins i tot amb polietilens sense tractar.<br \/>\nUtilitzable en la majoria de m\u00e0quines convencionals.<br \/>\nAbs\u00e8ncia d&#8217;esquitxades i d&#8217;escuma en l&#8217;aplicador.<br \/>\nCompleix amb FDA 175.105 per a contacte indirecte amb aliments.<\/p>\n","protected":false},"excerpt":{"rendered":"<p>ADHESIU SINT\u00c8TIC EN DISPERSI\u00d3 AQUOSA PER AL ENCOLAT DEL FULL<\/p>\n","protected":false},"featured_media":3045,"comment_status":"open","ping_status":"closed","template":"","meta":{"_acf_changed":false},"product_cat":[1656,684,651,687,600],"product_tag":[],"acf":[],"_links":{"self":[{"href":"https:\/\/rayt.com\/ca\/wp-json\/wp\/v2\/product\/3572"}],"collection":[{"href":"https:\/\/rayt.com\/ca\/wp-json\/wp\/v2\/product"}],"about":[{"href":"https:\/\/rayt.com\/ca\/wp-json\/wp\/v2\/types\/product"}],"replies":[{"embeddable":true,"href":"https:\/\/rayt.com\/ca\/wp-json\/wp\/v2\/comments?post=3572"}],"wp:featuredmedia":[{"embeddable":true,"href":"https:\/\/rayt.com\/ca\/wp-json\/wp\/v2\/media\/3045"}],"wp:attachment":[{"href":"https:\/\/rayt.com\/ca\/wp-json\/wp\/v2\/media?parent=3572"}],"wp:term":[{"taxonomy":"product_cat","embeddable":true,"href":"https:\/\/rayt.com\/ca\/wp-json\/wp\/v2\/product_cat?post=3572"},{"taxonomy":"product_tag","embeddable":true,"href":"https:\/\/rayt.com\/ca\/wp-json\/wp\/v2\/product_tag?post=3572"}],"curies":[{"name":"wp","href":"https:\/\/api.w.org\/{rel}","templated":true}]}}