{"id":3578,"date":"2020-12-18T09:43:44","date_gmt":"2020-12-18T09:51:13","guid":{"rendered":"http:\/\/rayt.com\/?post_type=product&#038;p=3578"},"modified":"2021-02-18T11:34:06","modified_gmt":"2021-02-18T11:34:06","slug":"iberpren-r-1000","status":"publish","type":"product","link":"https:\/\/rayt.com\/ca\/producto\/iberpren-r-1000\/","title":{"rendered":"IBERPREN R-1000"},"content":{"rendered":"<p>IMPERMEABILITZANT PER PAPER I CARTR\u00d3.<br \/>\nDispersi\u00f3 aquosa de pol\u00edmers sint\u00e8tics que proporciona una excel\u00b7lent impermeabilitzaci\u00f3, fins i tot amb gramatges d&#8217;aplicaci\u00f3 molt baixos.<\/p>\n<h4>CARACTER\u00cdSTIQUES<\/h4>\n<p>Barreja de copol\u00edmers i ceres seleccionats per donar les millors prestacions d&#8217;impermeabilitzaci\u00f3 del paper o cartr\u00f3 mitjan\u00e7ant la formaci\u00f3 d&#8217;una barrera hidrof\u00f2bica i oleof\u00f2bica a la superf\u00edcie.<br \/>\nGran capacitat de recobriment, excel\u00b7lent efecte barrera contra greixos, oli i vapor d&#8217;aigua, efecte antilliscant, estabilitat en la seva ocupaci\u00f3 i bona resist\u00e8ncia a aig\u00fces dures.<br \/>\nEstable durant l&#8217;elaboraci\u00f3, transport, emmagatzematge i utilitzaci\u00f3.<br \/>\nEl producte compleix amb les normatives: Recomanaci\u00f3 BfR XXXVI, FDA 21cfr: 175.105, 176.170, 176.180.<\/p>\n","protected":false},"excerpt":{"rendered":"<p>IMPERMEABILITZANT PER PAPER I CARTR\u00d3. Dispersi\u00f3 aquosa de pol\u00edmers sint\u00e8tics<\/p>\n","protected":false},"featured_media":3353,"comment_status":"open","ping_status":"closed","template":"","meta":{"_acf_changed":false},"product_cat":[1654,675,651,600,1019],"product_tag":[],"acf":[],"_links":{"self":[{"href":"https:\/\/rayt.com\/ca\/wp-json\/wp\/v2\/product\/3578"}],"collection":[{"href":"https:\/\/rayt.com\/ca\/wp-json\/wp\/v2\/product"}],"about":[{"href":"https:\/\/rayt.com\/ca\/wp-json\/wp\/v2\/types\/product"}],"replies":[{"embeddable":true,"href":"https:\/\/rayt.com\/ca\/wp-json\/wp\/v2\/comments?post=3578"}],"wp:featuredmedia":[{"embeddable":true,"href":"https:\/\/rayt.com\/ca\/wp-json\/wp\/v2\/media\/3353"}],"wp:attachment":[{"href":"https:\/\/rayt.com\/ca\/wp-json\/wp\/v2\/media?parent=3578"}],"wp:term":[{"taxonomy":"product_cat","embeddable":true,"href":"https:\/\/rayt.com\/ca\/wp-json\/wp\/v2\/product_cat?post=3578"},{"taxonomy":"product_tag","embeddable":true,"href":"https:\/\/rayt.com\/ca\/wp-json\/wp\/v2\/product_tag?post=3578"}],"curies":[{"name":"wp","href":"https:\/\/api.w.org\/{rel}","templated":true}]}}