{"id":3587,"date":"2020-11-05T08:23:42","date_gmt":"2020-12-18T10:12:31","guid":{"rendered":"http:\/\/rayt.com\/?post_type=product&#038;p=3587"},"modified":"2021-02-18T11:24:01","modified_gmt":"2021-02-18T11:24:01","slug":"g-134-bo-sd","status":"publish","type":"product","link":"https:\/\/rayt.com\/ca\/producto\/g-134-bo-sd\/","title":{"rendered":"G-134-BO SD"},"content":{"rendered":"<p>ADHESIU EN DISPERSI\u00d3 AQUOSA PER A LA FABRICACI\u00d3 DE BOSSES, PAQUETS I SACS. PAPERS DIF\u00cdCILS.<br \/>\nAdhesiu especialment adequat per a la fabricaci\u00f3 de bosses SAS amb materials com ara papers plastificats i envernissats.<\/p>\n<h4>CARACTER\u00cdSTIQUES<\/h4>\n<p>Bona adhesi\u00f3 sobre la majoria d&#8217;envernissats.<br \/>\nAplicaci\u00f3 per disc o corr\u00f3.<br \/>\nFraguat r\u00e0pid.<br \/>\nCompleix amb FDA 175.105 per a contacte indirecte amb aliments.<\/p>\n","protected":false},"excerpt":{"rendered":"<p>ADHESIU EN DISPERSI\u00d3 AQUOSA PER A LA FABRICACI\u00d3 DE BOSSES,<\/p>\n","protected":false},"featured_media":2962,"comment_status":"open","ping_status":"closed","template":"","meta":{"_acf_changed":false},"product_cat":[1602,1652,660,651,663,672,600],"product_tag":[],"acf":[],"_links":{"self":[{"href":"https:\/\/rayt.com\/ca\/wp-json\/wp\/v2\/product\/3587"}],"collection":[{"href":"https:\/\/rayt.com\/ca\/wp-json\/wp\/v2\/product"}],"about":[{"href":"https:\/\/rayt.com\/ca\/wp-json\/wp\/v2\/types\/product"}],"replies":[{"embeddable":true,"href":"https:\/\/rayt.com\/ca\/wp-json\/wp\/v2\/comments?post=3587"}],"wp:featuredmedia":[{"embeddable":true,"href":"https:\/\/rayt.com\/ca\/wp-json\/wp\/v2\/media\/2962"}],"wp:attachment":[{"href":"https:\/\/rayt.com\/ca\/wp-json\/wp\/v2\/media?parent=3587"}],"wp:term":[{"taxonomy":"product_cat","embeddable":true,"href":"https:\/\/rayt.com\/ca\/wp-json\/wp\/v2\/product_cat?post=3587"},{"taxonomy":"product_tag","embeddable":true,"href":"https:\/\/rayt.com\/ca\/wp-json\/wp\/v2\/product_tag?post=3587"}],"curies":[{"name":"wp","href":"https:\/\/api.w.org\/{rel}","templated":true}]}}