{"id":3590,"date":"2020-10-28T11:02:17","date_gmt":"2020-12-18T10:43:08","guid":{"rendered":"http:\/\/rayt.com\/?post_type=product&#038;p=3590"},"modified":"2021-02-15T08:43:53","modified_gmt":"2021-02-15T08:43:53","slug":"ma-1301-n","status":"publish","type":"product","link":"https:\/\/rayt.com\/ca\/producto\/ma-1301-n\/","title":{"rendered":"MA-1301-N"},"content":{"rendered":"<p>COLA PER FUSTA EN APLICACIONS PER INJECTOR.<br \/>\nCola blanca en dispersi\u00f3 aquosa per \u00fas universal en aplicacions de moble i fusta, quan l&#8217;aplicaci\u00f3 es realitzi per injector.<\/p>\n<h4>CARACTER\u00cdSTIQUES<\/h4>\n<p>Forta adhesivitat en humit, gran penetraci\u00f3 en la fusta i r\u00e0pid enduriment.<br \/>\nExcel\u00b7lent resist\u00e8ncia a la calor i a la tracci\u00f3.<br \/>\nEncolat r\u00e0pid de fusta massissa i xapa de fusta.<br \/>\nAplicable per injectors.<\/p>\n","protected":false},"excerpt":{"rendered":"<p>COLA PER FUSTA EN APLICACIONS PER INJECTOR. Cola blanca en<\/p>\n","protected":false},"featured_media":2982,"comment_status":"open","ping_status":"closed","template":"","meta":{"_acf_changed":false},"product_cat":[811,1444,600,755,817],"product_tag":[],"acf":[],"_links":{"self":[{"href":"https:\/\/rayt.com\/ca\/wp-json\/wp\/v2\/product\/3590"}],"collection":[{"href":"https:\/\/rayt.com\/ca\/wp-json\/wp\/v2\/product"}],"about":[{"href":"https:\/\/rayt.com\/ca\/wp-json\/wp\/v2\/types\/product"}],"replies":[{"embeddable":true,"href":"https:\/\/rayt.com\/ca\/wp-json\/wp\/v2\/comments?post=3590"}],"wp:featuredmedia":[{"embeddable":true,"href":"https:\/\/rayt.com\/ca\/wp-json\/wp\/v2\/media\/2982"}],"wp:attachment":[{"href":"https:\/\/rayt.com\/ca\/wp-json\/wp\/v2\/media?parent=3590"}],"wp:term":[{"taxonomy":"product_cat","embeddable":true,"href":"https:\/\/rayt.com\/ca\/wp-json\/wp\/v2\/product_cat?post=3590"},{"taxonomy":"product_tag","embeddable":true,"href":"https:\/\/rayt.com\/ca\/wp-json\/wp\/v2\/product_tag?post=3590"}],"curies":[{"name":"wp","href":"https:\/\/api.w.org\/{rel}","templated":true}]}}