{"id":3601,"date":"2020-12-18T11:08:10","date_gmt":"2020-12-18T11:10:47","guid":{"rendered":"http:\/\/rayt.com\/?post_type=product&#038;p=3601"},"modified":"2021-02-25T08:54:30","modified_gmt":"2021-02-25T08:54:30","slug":"novopren-pu-503-rapido-2","status":"publish","type":"product","link":"https:\/\/rayt.com\/ca\/producto\/novopren-pu-503-rapido-2\/","title":{"rendered":"Novopren PU-503 Rapido"},"content":{"rendered":"<p>ADHESIU DE POLIURET\u00c0 MONOCOMPONENT PER ENCOLAR SOBRE DIVERSOS SUPORTS.<br \/>\nAdhesiu transl\u00facid tixotr\u00f2pic en format cartutx per a la uni\u00f3 resistent a l&#8217;aigua de fusta seca i humida (m\u00e0xim 30%), formig\u00f3, escuma PU, llana de roca, metalls i material por\u00f3s. Compleix la norma D4 (EN204\/205).<\/p>\n<h4>CARACTER\u00cdSTIQUES<\/h4>\n<p>Adhesiu de poliuret\u00e0 monocomponent.<br \/>\nAlta resist\u00e8ncia a la humitat (D4 segons EN-204<br \/>\nAdequat per interior i exterior.<br \/>\nAdequat per fustes seques o humides, formig\u00f3, metalls, escumes de PU o PS, llana de vidre o de roca, etc.<\/p>\n","protected":false},"excerpt":{"rendered":"<p>ADHESIU DE POLIURET\u00c0 MONOCOMPONENT PER ENCOLAR SOBRE DIVERSOS SUPORTS. Adhesiu<\/p>\n","protected":false},"featured_media":5553,"comment_status":"open","ping_status":"closed","template":"","meta":{"_acf_changed":false},"product_cat":[1456,814,600,755,817],"product_tag":[],"acf":[],"_links":{"self":[{"href":"https:\/\/rayt.com\/ca\/wp-json\/wp\/v2\/product\/3601"}],"collection":[{"href":"https:\/\/rayt.com\/ca\/wp-json\/wp\/v2\/product"}],"about":[{"href":"https:\/\/rayt.com\/ca\/wp-json\/wp\/v2\/types\/product"}],"replies":[{"embeddable":true,"href":"https:\/\/rayt.com\/ca\/wp-json\/wp\/v2\/comments?post=3601"}],"wp:featuredmedia":[{"embeddable":true,"href":"https:\/\/rayt.com\/ca\/wp-json\/wp\/v2\/media\/5553"}],"wp:attachment":[{"href":"https:\/\/rayt.com\/ca\/wp-json\/wp\/v2\/media?parent=3601"}],"wp:term":[{"taxonomy":"product_cat","embeddable":true,"href":"https:\/\/rayt.com\/ca\/wp-json\/wp\/v2\/product_cat?post=3601"},{"taxonomy":"product_tag","embeddable":true,"href":"https:\/\/rayt.com\/ca\/wp-json\/wp\/v2\/product_tag?post=3601"}],"curies":[{"name":"wp","href":"https:\/\/api.w.org\/{rel}","templated":true}]}}