{"id":3604,"date":"2020-10-29T08:44:58","date_gmt":"2020-12-18T11:15:00","guid":{"rendered":"http:\/\/rayt.com\/?post_type=product&#038;p=3604"},"modified":"2021-02-17T11:08:25","modified_gmt":"2021-02-17T11:08:25","slug":"novopren-super-industria","status":"publish","type":"product","link":"https:\/\/rayt.com\/ca\/producto\/novopren-super-industria\/","title":{"rendered":"Novopren super (Industria)"},"content":{"rendered":"<div id=\"description_block\">\n<div id=\"description_content\" class=\"rte align_justify\">\n<p>ADHESIU DE CAUTX\u00da SINT\u00c8TIC PER ENCOLAT PER CONTACTE MITJAN\u00c7ANT APLICACI\u00d3 A LES DUES CARES.<\/p>\n<\/div>\n<div id=\"description_content\" class=\"rte align_justify\">\n<p>Adhesiu de contacte en base policloropr\u00e8 i dissolvents per laminaci\u00f3 en pla, encolat de goma, melamina, fusta i altres materials. Aplicaci\u00f3 a doble cara.<\/p>\n<\/div>\n<\/div>\n<h4>CARACTER\u00cdSTIQUES<\/h4>\n<p>Bona resist\u00e8ncia a la calor, que pot millorar-se per addici\u00f3 de catalitzador.<br \/>\nAdhesiu de primera elecci\u00f3 en la soluci\u00f3 dels problemes d&#8217;encolat.<br \/>\nExcel\u00b7lent adhesi\u00f3 a una gran diversitat de materials.<br \/>\nAplicable a esp\u00e0tula dentada, brotxa o corr\u00f3.<br \/>\nExcel\u00b7lents propietats de resist\u00e8ncia final.<br \/>\nTemps obert llarg.<\/p>\n","protected":false},"excerpt":{"rendered":"<p>ADHESIU DE CAUTX\u00da SINT\u00c8TIC PER ENCOLAT PER CONTACTE MITJAN\u00c7ANT APLICACI\u00d3<\/p>\n","protected":false},"featured_media":3309,"comment_status":"open","ping_status":"closed","template":"","meta":{"_acf_changed":false},"product_cat":[1570,1546,1534,1521,1514,1488,910,916,853,873,600,883,868,755,850,862,880],"product_tag":[],"acf":[],"_links":{"self":[{"href":"https:\/\/rayt.com\/ca\/wp-json\/wp\/v2\/product\/3604"}],"collection":[{"href":"https:\/\/rayt.com\/ca\/wp-json\/wp\/v2\/product"}],"about":[{"href":"https:\/\/rayt.com\/ca\/wp-json\/wp\/v2\/types\/product"}],"replies":[{"embeddable":true,"href":"https:\/\/rayt.com\/ca\/wp-json\/wp\/v2\/comments?post=3604"}],"wp:featuredmedia":[{"embeddable":true,"href":"https:\/\/rayt.com\/ca\/wp-json\/wp\/v2\/media\/3309"}],"wp:attachment":[{"href":"https:\/\/rayt.com\/ca\/wp-json\/wp\/v2\/media?parent=3604"}],"wp:term":[{"taxonomy":"product_cat","embeddable":true,"href":"https:\/\/rayt.com\/ca\/wp-json\/wp\/v2\/product_cat?post=3604"},{"taxonomy":"product_tag","embeddable":true,"href":"https:\/\/rayt.com\/ca\/wp-json\/wp\/v2\/product_tag?post=3604"}],"curies":[{"name":"wp","href":"https:\/\/api.w.org\/{rel}","templated":true}]}}