{"id":3607,"date":"2020-11-02T09:20:25","date_gmt":"2020-12-18T11:25:58","guid":{"rendered":"http:\/\/rayt.com\/?post_type=product&#038;p=3607"},"modified":"2021-02-15T11:29:25","modified_gmt":"2021-02-15T11:29:25","slug":"ma-135-pc","status":"publish","type":"product","link":"https:\/\/rayt.com\/ca\/producto\/ma-135-pc\/","title":{"rendered":"MA-135 PC"},"content":{"rendered":"<p>ADHESIU D&#8217;ACETAT DE POLIVINIL PER APLICACIONS AMB PREMSAT EN CALENT.<br \/>\nCola blanca en dispersi\u00f3 aquosa per laminaci\u00f3 en premsa de plats calents de xapa de fusta, estratificats pl\u00e0stics i per postformat.<\/p>\n<h4>CARACTER\u00cdSTIQUES<\/h4>\n<p>Encolat de xapes (melamina o fusta) sobre aglomerat o MDF en premsa calenta (plana o de membrana).<br \/>\nAplicable mitjan\u00e7ant encoladora de corrons, brotxa, pinzell, etc.<br \/>\nNo utilitzar en premsa freda per sota de 15-20\u00baC (punt blanc).<br \/>\nMolt elevada rapidesa de fraguat en calent.<\/p>\n","protected":false},"excerpt":{"rendered":"<p>ADHESIU D&#8217;ACETAT DE POLIVINIL PER APLICACIONS AMB PREMSAT EN CALENT.<\/p>\n","protected":false},"featured_media":2982,"comment_status":"open","ping_status":"closed","template":"","meta":{"_acf_changed":false},"product_cat":[1491,1495,1499,1504,879,874,600,883,868,755,880],"product_tag":[],"acf":[],"_links":{"self":[{"href":"https:\/\/rayt.com\/ca\/wp-json\/wp\/v2\/product\/3607"}],"collection":[{"href":"https:\/\/rayt.com\/ca\/wp-json\/wp\/v2\/product"}],"about":[{"href":"https:\/\/rayt.com\/ca\/wp-json\/wp\/v2\/types\/product"}],"replies":[{"embeddable":true,"href":"https:\/\/rayt.com\/ca\/wp-json\/wp\/v2\/comments?post=3607"}],"wp:featuredmedia":[{"embeddable":true,"href":"https:\/\/rayt.com\/ca\/wp-json\/wp\/v2\/media\/2982"}],"wp:attachment":[{"href":"https:\/\/rayt.com\/ca\/wp-json\/wp\/v2\/media?parent=3607"}],"wp:term":[{"taxonomy":"product_cat","embeddable":true,"href":"https:\/\/rayt.com\/ca\/wp-json\/wp\/v2\/product_cat?post=3607"},{"taxonomy":"product_tag","embeddable":true,"href":"https:\/\/rayt.com\/ca\/wp-json\/wp\/v2\/product_tag?post=3607"}],"curies":[{"name":"wp","href":"https:\/\/api.w.org\/{rel}","templated":true}]}}