{"id":3610,"date":"2020-10-29T08:40:01","date_gmt":"2020-12-18T11:31:20","guid":{"rendered":"http:\/\/rayt.com\/?post_type=product&#038;p=3610"},"modified":"2021-02-17T11:11:16","modified_gmt":"2021-02-17T11:11:16","slug":"ma-1470-pu","status":"publish","type":"product","link":"https:\/\/rayt.com\/ca\/producto\/ma-1470-pu\/","title":{"rendered":"MA-1470-PU"},"content":{"rendered":"<div id=\"description_block\">\n<div id=\"description_content\" class=\"rte align_justify\">\n<div id=\"description_block\">\n<div id=\"description_content\" class=\"rte align_justify\">\n<p>COLA ESPECIAL PER ENCOLAR SOBRE SUPERF\u00cdCIES ENVERNISSADES.<\/p>\n<\/div>\n<div id=\"description_content\" class=\"rte align_justify\">\n<p>Adhesiu a base de resines especials per l&#8217;encolat de superf\u00edcies no poroses (envernissats, melamina, folis de paper &#8230;) sobre superf\u00edcies poroses en la fabricaci\u00f3 de mobles, portes i treballs de fusta en general.<\/p>\n<\/div>\n<\/div>\n<h4>CARACTER\u00cdSTIQUES<\/h4>\n<p>Resist\u00e8ncia mitjana a la calor i a la tracci\u00f3, pot augmentar-se amb enduridor.<br \/>\nExcel\u00b7lent adhesi\u00f3 a vernissats.<br \/>\nAplicaci\u00f3 amb corr\u00f3 o manual.<\/p>\n<\/div>\n<\/div>\n","protected":false},"excerpt":{"rendered":"<p>COLA ESPECIAL PER ENCOLAR SOBRE SUPERF\u00cdCIES ENVERNISSADES. Adhesiu a base<\/p>\n","protected":false},"featured_media":2982,"comment_status":"open","ping_status":"closed","template":"","meta":{"_acf_changed":false},"product_cat":[1543,853,600,755,850],"product_tag":[],"acf":[],"_links":{"self":[{"href":"https:\/\/rayt.com\/ca\/wp-json\/wp\/v2\/product\/3610"}],"collection":[{"href":"https:\/\/rayt.com\/ca\/wp-json\/wp\/v2\/product"}],"about":[{"href":"https:\/\/rayt.com\/ca\/wp-json\/wp\/v2\/types\/product"}],"replies":[{"embeddable":true,"href":"https:\/\/rayt.com\/ca\/wp-json\/wp\/v2\/comments?post=3610"}],"wp:featuredmedia":[{"embeddable":true,"href":"https:\/\/rayt.com\/ca\/wp-json\/wp\/v2\/media\/2982"}],"wp:attachment":[{"href":"https:\/\/rayt.com\/ca\/wp-json\/wp\/v2\/media?parent=3610"}],"wp:term":[{"taxonomy":"product_cat","embeddable":true,"href":"https:\/\/rayt.com\/ca\/wp-json\/wp\/v2\/product_cat?post=3610"},{"taxonomy":"product_tag","embeddable":true,"href":"https:\/\/rayt.com\/ca\/wp-json\/wp\/v2\/product_tag?post=3610"}],"curies":[{"name":"wp","href":"https:\/\/api.w.org\/{rel}","templated":true}]}}