{"id":3621,"date":"2020-10-28T11:51:42","date_gmt":"2020-12-18T11:54:53","guid":{"rendered":"http:\/\/rayt.com\/?post_type=product&#038;p=3621"},"modified":"2021-02-17T10:58:04","modified_gmt":"2021-02-17T10:58:04","slug":"ma-1412-av-amarilla","status":"publish","type":"product","link":"https:\/\/rayt.com\/ca\/producto\/ma-1412-av-amarilla\/","title":{"rendered":"MA-1412 AV AMARILLA"},"content":{"rendered":"<div id=\"description_block\">\n<div id=\"description_content\" class=\"rte align_justify\">\n<p>ADHESIU D&#8217;ACETAT DE POLIVINIL D&#8217;\u00daS UNIVERSAL PER FUSTA. ENSAMBLATGE. ALTA FLEXIBILITAT.<\/p>\n<\/div>\n<div id=\"description_content\" class=\"rte align_justify\">\n<p>Adhesiu d&#8217;ensamblatje flexible i d&#8217;alta qualitat.<br \/>\nEspecial per fusta massissa, tauler enllistonat, finger-joint, fabricaci\u00f3 de cadires i tot tipus de treballs de fusteria.<br \/>\nColor groc.<\/p>\n<\/div>\n<\/div>\n<h4>CARACTER\u00cdSTIQUES<\/h4>\n<p>Adhesiu adequat per a tots aquells treballs de muntatge i armat en s\u00e8rie que requereixin una cola forta i el\u00e0stica, amb uns temps de premsa m\u00ednims.<br \/>\nAplicable mitjan\u00e7ant encoladora de corrons, brotxa, pinzell, etc.<br \/>\nElevada rapidesa de fraguat.<br \/>\nPigmentat en groc.<br \/>\nBona flexibilitat.<\/p>\n","protected":false},"excerpt":{"rendered":"<p>ADHESIU D&#8217;ACETAT DE POLIVINIL D&#8217;\u00daS UNIVERSAL PER FUSTA. ENSAMBLATGE. ALTA<\/p>\n","protected":false},"featured_media":2982,"comment_status":"open","ping_status":"closed","template":"","meta":{"_acf_changed":false},"product_cat":[851,1375,600,755,850],"product_tag":[],"acf":[],"_links":{"self":[{"href":"https:\/\/rayt.com\/ca\/wp-json\/wp\/v2\/product\/3621"}],"collection":[{"href":"https:\/\/rayt.com\/ca\/wp-json\/wp\/v2\/product"}],"about":[{"href":"https:\/\/rayt.com\/ca\/wp-json\/wp\/v2\/types\/product"}],"replies":[{"embeddable":true,"href":"https:\/\/rayt.com\/ca\/wp-json\/wp\/v2\/comments?post=3621"}],"wp:featuredmedia":[{"embeddable":true,"href":"https:\/\/rayt.com\/ca\/wp-json\/wp\/v2\/media\/2982"}],"wp:attachment":[{"href":"https:\/\/rayt.com\/ca\/wp-json\/wp\/v2\/media?parent=3621"}],"wp:term":[{"taxonomy":"product_cat","embeddable":true,"href":"https:\/\/rayt.com\/ca\/wp-json\/wp\/v2\/product_cat?post=3621"},{"taxonomy":"product_tag","embeddable":true,"href":"https:\/\/rayt.com\/ca\/wp-json\/wp\/v2\/product_tag?post=3621"}],"curies":[{"name":"wp","href":"https:\/\/api.w.org\/{rel}","templated":true}]}}