{"id":3637,"date":"2020-11-02T10:11:27","date_gmt":"2020-12-18T12:18:02","guid":{"rendered":"http:\/\/rayt.com\/?post_type=product&#038;p=3637"},"modified":"2021-02-15T10:34:47","modified_gmt":"2021-02-15T10:34:47","slug":"formopol-250","status":"publish","type":"product","link":"https:\/\/rayt.com\/ca\/producto\/formopol-250\/","title":{"rendered":"FORMOPOL 250"},"content":{"rendered":"<p>ADHESIU D&#8217;UREA FORMOL EN POLS PER FUSTA. BAIX CONTINGUT EN FORMOL.<br \/>\nAdhesiu en pols llest a l&#8217;\u00fas per ser utilitzat tant en premses escalfades amb mitjans convencionals com per alta freq\u00fc\u00e8ncia.<\/p>\n<h4>CARACTER\u00cdSTIQUES<\/h4>\n<p>Es dissol en aigua, 100 parts de producte + 50-60 parts d&#8217;aigua.<br \/>\nNecessita ser utilitzada en premsa calenta.<br \/>\nExcel\u00b7lent qualitat d&#8217;encolat final.<br \/>\nUrea-formol en pols, preparada.<br \/>\nBaix contingut en formaldehid.<\/p>\n","protected":false},"excerpt":{"rendered":"<p>ADHESIU D&#8217;UREA FORMOL EN POLS PER FUSTA. BAIX CONTINGUT EN<\/p>\n","protected":false},"featured_media":3512,"comment_status":"open","ping_status":"closed","template":"","meta":{"_acf_changed":false},"product_cat":[1484,874,600,883,755],"product_tag":[],"acf":[],"_links":{"self":[{"href":"https:\/\/rayt.com\/ca\/wp-json\/wp\/v2\/product\/3637"}],"collection":[{"href":"https:\/\/rayt.com\/ca\/wp-json\/wp\/v2\/product"}],"about":[{"href":"https:\/\/rayt.com\/ca\/wp-json\/wp\/v2\/types\/product"}],"replies":[{"embeddable":true,"href":"https:\/\/rayt.com\/ca\/wp-json\/wp\/v2\/comments?post=3637"}],"wp:featuredmedia":[{"embeddable":true,"href":"https:\/\/rayt.com\/ca\/wp-json\/wp\/v2\/media\/3512"}],"wp:attachment":[{"href":"https:\/\/rayt.com\/ca\/wp-json\/wp\/v2\/media?parent=3637"}],"wp:term":[{"taxonomy":"product_cat","embeddable":true,"href":"https:\/\/rayt.com\/ca\/wp-json\/wp\/v2\/product_cat?post=3637"},{"taxonomy":"product_tag","embeddable":true,"href":"https:\/\/rayt.com\/ca\/wp-json\/wp\/v2\/product_tag?post=3637"}],"curies":[{"name":"wp","href":"https:\/\/api.w.org\/{rel}","templated":true}]}}