{"id":3643,"date":"2020-11-02T09:53:07","date_gmt":"2020-12-18T12:47:05","guid":{"rendered":"http:\/\/rayt.com\/?post_type=product&#038;p=3643"},"modified":"2021-02-15T10:16:55","modified_gmt":"2021-02-15T10:16:55","slug":"secuestrante-uf","status":"publish","type":"product","link":"https:\/\/rayt.com\/ca\/producto\/secuestrante-uf\/","title":{"rendered":"SECUESTRANTE UF"},"content":{"rendered":"<p>PRODUCTE AUXILIAR PER MODIFICAR EL CONTINGUT EN FORMOL LLIURE DE LES RESINES D&#8217;UREA FORMOL I MELAMINA FORMOL FORMOPOL.<br \/>\nAquest producte col\u00b7labora a suavitzar l&#8217;olor de formol, rebaixar la nocivitat del producte i allargar el pot-life de la cola preparada (ja dissolta en aigua).<\/p>\n<h4>CARACTER\u00cdSTIQUES<\/h4>\n<p>Recomanaci\u00f3 d&#8217;\u00fas: 2-5% sobre adhesiu preparat, retenint la part corresponent d&#8217;aigua de dissoluci\u00f3.<br \/>\nAdditiu retardant del temps de gelificaci\u00f3 d&#8217;adhesius d&#8217;urea-formol.<br \/>\n\u00das en condicions de temperatura ambient elevada.<\/p>\n","protected":false},"excerpt":{"rendered":"<p>PRODUCTE AUXILIAR PER MODIFICAR EL CONTINGUT EN FORMOL LLIURE DE<\/p>\n","protected":false},"featured_media":3644,"comment_status":"open","ping_status":"closed","template":"","meta":{"_acf_changed":false},"product_cat":[1477,600,883,755,880],"product_tag":[],"acf":[],"_links":{"self":[{"href":"https:\/\/rayt.com\/ca\/wp-json\/wp\/v2\/product\/3643"}],"collection":[{"href":"https:\/\/rayt.com\/ca\/wp-json\/wp\/v2\/product"}],"about":[{"href":"https:\/\/rayt.com\/ca\/wp-json\/wp\/v2\/types\/product"}],"replies":[{"embeddable":true,"href":"https:\/\/rayt.com\/ca\/wp-json\/wp\/v2\/comments?post=3643"}],"wp:featuredmedia":[{"embeddable":true,"href":"https:\/\/rayt.com\/ca\/wp-json\/wp\/v2\/media\/3644"}],"wp:attachment":[{"href":"https:\/\/rayt.com\/ca\/wp-json\/wp\/v2\/media?parent=3643"}],"wp:term":[{"taxonomy":"product_cat","embeddable":true,"href":"https:\/\/rayt.com\/ca\/wp-json\/wp\/v2\/product_cat?post=3643"},{"taxonomy":"product_tag","embeddable":true,"href":"https:\/\/rayt.com\/ca\/wp-json\/wp\/v2\/product_tag?post=3643"}],"curies":[{"name":"wp","href":"https:\/\/api.w.org\/{rel}","templated":true}]}}