{"id":3649,"date":"2020-10-29T09:00:46","date_gmt":"2020-12-18T13:02:20","guid":{"rendered":"http:\/\/rayt.com\/?post_type=product&#038;p=3649"},"modified":"2021-02-17T10:36:54","modified_gmt":"2021-02-17T10:36:54","slug":"ma-1130-n","status":"publish","type":"product","link":"https:\/\/rayt.com\/ca\/producto\/ma-1130-n\/","title":{"rendered":"MA-1130-N"},"content":{"rendered":"<p>COLA BLANCA PER LAMINACI\u00d3 AMB FOLIS PL\u00c0STICS.<br \/>\nAdhesiu en dispersi\u00f3, especialment per encolat de PVC i altres folis pl\u00e0stics.<\/p>\n<h4>CARACTER\u00cdSTIQUES<\/h4>\n<p>Excel\u00b7lent adhesi\u00f3 al PVC, adequat tanmateix per a metalls (desgreixats).<br \/>\nPermet treballar a velocitat mitjana-alta.<br \/>\nAplicaci\u00f3 per corr\u00f3 o manual.<br \/>\nElevada rapidesa de fraguat.<\/p>\n","protected":false},"excerpt":{"rendered":"<p>COLA BLANCA PER LAMINACI\u00d3 AMB FOLIS PL\u00c0STICS. Adhesiu en dispersi\u00f3,<\/p>\n","protected":false},"featured_media":2982,"comment_status":"open","ping_status":"closed","template":"","meta":{"_acf_changed":false},"product_cat":[1401,1503,1531,873,600,883,755,862,841,835],"product_tag":[],"acf":[],"_links":{"self":[{"href":"https:\/\/rayt.com\/ca\/wp-json\/wp\/v2\/product\/3649"}],"collection":[{"href":"https:\/\/rayt.com\/ca\/wp-json\/wp\/v2\/product"}],"about":[{"href":"https:\/\/rayt.com\/ca\/wp-json\/wp\/v2\/types\/product"}],"replies":[{"embeddable":true,"href":"https:\/\/rayt.com\/ca\/wp-json\/wp\/v2\/comments?post=3649"}],"wp:featuredmedia":[{"embeddable":true,"href":"https:\/\/rayt.com\/ca\/wp-json\/wp\/v2\/media\/2982"}],"wp:attachment":[{"href":"https:\/\/rayt.com\/ca\/wp-json\/wp\/v2\/media?parent=3649"}],"wp:term":[{"taxonomy":"product_cat","embeddable":true,"href":"https:\/\/rayt.com\/ca\/wp-json\/wp\/v2\/product_cat?post=3649"},{"taxonomy":"product_tag","embeddable":true,"href":"https:\/\/rayt.com\/ca\/wp-json\/wp\/v2\/product_tag?post=3649"}],"curies":[{"name":"wp","href":"https:\/\/api.w.org\/{rel}","templated":true}]}}