{"id":3657,"date":"2020-10-30T10:31:28","date_gmt":"2020-12-18T13:29:25","guid":{"rendered":"http:\/\/rayt.com\/?post_type=product&#038;p=3657"},"modified":"2021-02-17T08:03:40","modified_gmt":"2021-02-17T08:03:40","slug":"ma-1530-pm","status":"publish","type":"product","link":"https:\/\/rayt.com\/ca\/producto\/ma-1530-pm\/","title":{"rendered":"MA-1530-PM"},"content":{"rendered":"<p>ADHESIU DE POLIURET\u00c0 EN DISPERSI\u00d3 PER PREMSA DE MEMBRANA. BLANC.<br \/>\nAdhesiu per laminaci\u00f3 en pla i tridimensional de folis pl\u00e0stics en premsa de membrana o de buit. Color blanc.<\/p>\n<h4>CARACTER\u00cdSTIQUES<\/h4>\n<p>Dispersi\u00f3 de poliuret\u00e0, es recomana l&#8217;addici\u00f3 de catalitzador.<br \/>\nBona resist\u00e8ncia final a la calor (amb catalitzador).<br \/>\nF\u00e0cil reactivaci\u00f3 en m\u00e0quina i r\u00e0pid enduriment.<br \/>\nAplicaci\u00f3 per pistola de pulveritzaci\u00f3.<\/p>\n","protected":false},"excerpt":{"rendered":"<p>ADHESIU DE POLIURET\u00c0 EN DISPERSI\u00d3 PER PREMSA DE MEMBRANA. BLANC.<\/p>\n","protected":false},"featured_media":2982,"comment_status":"open","ping_status":"closed","template":"","meta":{"_acf_changed":false},"product_cat":[1627,889,600,886,755],"product_tag":[],"acf":[],"_links":{"self":[{"href":"https:\/\/rayt.com\/ca\/wp-json\/wp\/v2\/product\/3657"}],"collection":[{"href":"https:\/\/rayt.com\/ca\/wp-json\/wp\/v2\/product"}],"about":[{"href":"https:\/\/rayt.com\/ca\/wp-json\/wp\/v2\/types\/product"}],"replies":[{"embeddable":true,"href":"https:\/\/rayt.com\/ca\/wp-json\/wp\/v2\/comments?post=3657"}],"wp:featuredmedia":[{"embeddable":true,"href":"https:\/\/rayt.com\/ca\/wp-json\/wp\/v2\/media\/2982"}],"wp:attachment":[{"href":"https:\/\/rayt.com\/ca\/wp-json\/wp\/v2\/media?parent=3657"}],"wp:term":[{"taxonomy":"product_cat","embeddable":true,"href":"https:\/\/rayt.com\/ca\/wp-json\/wp\/v2\/product_cat?post=3657"},{"taxonomy":"product_tag","embeddable":true,"href":"https:\/\/rayt.com\/ca\/wp-json\/wp\/v2\/product_tag?post=3657"}],"curies":[{"name":"wp","href":"https:\/\/api.w.org\/{rel}","templated":true}]}}