{"id":3724,"date":"2020-10-29T08:29:15","date_gmt":"2020-12-21T08:54:45","guid":{"rendered":"http:\/\/rayt.com\/?post_type=product&#038;p=3724"},"modified":"2021-02-17T11:01:32","modified_gmt":"2021-02-17T11:01:32","slug":"ma-1201-bvb","status":"publish","type":"product","link":"https:\/\/rayt.com\/ca\/producto\/ma-1201-bvb\/","title":{"rendered":"MA-1201-BVB"},"content":{"rendered":"<div id=\"description_content\" class=\"rte align_justify\">\n<div id=\"description_block\">\n<div id=\"description_content\" class=\"rte align_justify\">\n<p>COLA ESPECIAL PER INSERCI\u00d3 DE CLAVILLES EN M\u00c0QUINES AUTOM\u00c0TIQUES. MOLT BAIXA VISCOSITAT.<\/p>\n<\/div>\n<div id=\"description_content\" class=\"rte align_justify\">\n<p>Adhesiu en dispersi\u00f3 per a encolat de clavilles mitjan\u00e7ant aplicaci\u00f3 per injectors de molt baixa pot\u00e8ncia.<\/p>\n<\/div>\n<\/div>\n<h4>CARACTER\u00cdSTIQUES<\/h4>\n<p>Inserci\u00f3 d&#8217;espigues en m\u00e0quines dotades d&#8217;una bomba de certa pot\u00e8ncia.<br \/>\nFlexible.<br \/>\nTemps obert llarg.<br \/>\nFraguat lent.<\/p>\n<\/div>\n","protected":false},"excerpt":{"rendered":"<p>COLA ESPECIAL PER INSERCI\u00d3 DE CLAVILLES EN M\u00c0QUINES AUTOM\u00c0TIQUES. MOLT<\/p>\n","protected":false},"featured_media":2982,"comment_status":"open","ping_status":"closed","template":"","meta":{"_acf_changed":false},"product_cat":[1367,600,755,850,852],"product_tag":[],"acf":[],"_links":{"self":[{"href":"https:\/\/rayt.com\/ca\/wp-json\/wp\/v2\/product\/3724"}],"collection":[{"href":"https:\/\/rayt.com\/ca\/wp-json\/wp\/v2\/product"}],"about":[{"href":"https:\/\/rayt.com\/ca\/wp-json\/wp\/v2\/types\/product"}],"replies":[{"embeddable":true,"href":"https:\/\/rayt.com\/ca\/wp-json\/wp\/v2\/comments?post=3724"}],"wp:featuredmedia":[{"embeddable":true,"href":"https:\/\/rayt.com\/ca\/wp-json\/wp\/v2\/media\/2982"}],"wp:attachment":[{"href":"https:\/\/rayt.com\/ca\/wp-json\/wp\/v2\/media?parent=3724"}],"wp:term":[{"taxonomy":"product_cat","embeddable":true,"href":"https:\/\/rayt.com\/ca\/wp-json\/wp\/v2\/product_cat?post=3724"},{"taxonomy":"product_tag","embeddable":true,"href":"https:\/\/rayt.com\/ca\/wp-json\/wp\/v2\/product_tag?post=3724"}],"curies":[{"name":"wp","href":"https:\/\/api.w.org\/{rel}","templated":true}]}}