{"id":3732,"date":"2020-10-30T08:43:53","date_gmt":"2020-12-21T09:03:57","guid":{"rendered":"http:\/\/rayt.com\/?post_type=product&#038;p=3732"},"modified":"2021-02-17T09:26:39","modified_gmt":"2021-02-17T09:26:39","slug":"ma-6575-marron","status":"publish","type":"product","link":"https:\/\/rayt.com\/ca\/producto\/ma-6575-marron\/","title":{"rendered":"MA-6575 Marr\u00f3n"},"content":{"rendered":"<p>HOT-MELT STANDARD PER ENCOLAT DE CANTELLS. M\u00c0QUINES R\u00c0PIDES. COLOR MARR\u00d3.<br \/>\nAdhesiu standard de color marr\u00f3 per a encolat de cantells de PVC, poli\u00e8ster, xapa de fusta i melam\u00ednics.<\/p>\n<h4>CARACTER\u00cdSTIQUES<\/h4>\n<p>Cantells de PVC, ABS, poli\u00e8ster, xapa de fusta o melam\u00ednics.<br \/>\nTemperatura d&#8217;aplicaci\u00f3: 190-210\u00baC.<br \/>\nVelocitat de m\u00e0quina: 12-60 m\/min.<br \/>\nTemps obert mig-curt.<br \/>\nViscositat alta.<\/p>\n","protected":false},"excerpt":{"rendered":"<p>HOT-MELT STANDARD PER ENCOLAT DE CANTELLS. M\u00c0QUINES R\u00c0PIDES. COLOR MARR\u00d3.<\/p>\n","protected":false},"featured_media":3733,"comment_status":"open","ping_status":"closed","template":"","meta":{"_acf_changed":false},"product_cat":[910,913,1554,1585,600,755,923],"product_tag":[],"acf":[],"_links":{"self":[{"href":"https:\/\/rayt.com\/ca\/wp-json\/wp\/v2\/product\/3732"}],"collection":[{"href":"https:\/\/rayt.com\/ca\/wp-json\/wp\/v2\/product"}],"about":[{"href":"https:\/\/rayt.com\/ca\/wp-json\/wp\/v2\/types\/product"}],"replies":[{"embeddable":true,"href":"https:\/\/rayt.com\/ca\/wp-json\/wp\/v2\/comments?post=3732"}],"wp:featuredmedia":[{"embeddable":true,"href":"https:\/\/rayt.com\/ca\/wp-json\/wp\/v2\/media\/3733"}],"wp:attachment":[{"href":"https:\/\/rayt.com\/ca\/wp-json\/wp\/v2\/media?parent=3732"}],"wp:term":[{"taxonomy":"product_cat","embeddable":true,"href":"https:\/\/rayt.com\/ca\/wp-json\/wp\/v2\/product_cat?post=3732"},{"taxonomy":"product_tag","embeddable":true,"href":"https:\/\/rayt.com\/ca\/wp-json\/wp\/v2\/product_tag?post=3732"}],"curies":[{"name":"wp","href":"https:\/\/api.w.org\/{rel}","templated":true}]}}