{"id":3741,"date":"2020-10-29T10:08:15","date_gmt":"2020-12-21T09:10:48","guid":{"rendered":"http:\/\/rayt.com\/?post_type=product&#038;p=3741"},"modified":"2021-02-17T10:53:56","modified_gmt":"2021-02-17T10:53:56","slug":"ma-6720-np","status":"publish","type":"product","link":"https:\/\/rayt.com\/ca\/producto\/ma-6720-np\/","title":{"rendered":"MA-6720-NP"},"content":{"rendered":"<div id=\"description_block\">\n<div id=\"description_content\" class=\"rte align_justify\">\n<p>HOT-MELT PER REVESTIMENT DE MOTLLURES.<\/p>\n<\/div>\n<div id=\"description_content\" class=\"rte align_justify\">\n<p>Adhesiu especial per motllures i acoblament de fusta (cantoners, angles &#8230;)<\/p>\n<\/div>\n<\/div>\n<h4>CARACTER\u00cdSTIQUES<\/h4>\n<p>Assemblatge de diferents materials en la ind\u00fastria del moble, troba la seva principal aplicaci\u00f3 en l&#8217;encolat d&#8217;aglomerats de fusta entre s\u00ed.<br \/>\nAplicaci\u00f3 amb pistola manual o b\u00e9 amb equips autom\u00e0tics dotats de broquets d&#8217;injecci\u00f3.<br \/>\nTemperatura d&#8217;aplicaci\u00f3: 160-180\u00baC.<br \/>\nViscositat molt baixa.<\/p>\n","protected":false},"excerpt":{"rendered":"<p>HOT-MELT PER REVESTIMENT DE MOTLLURES. Adhesiu especial per motllures i<\/p>\n","protected":false},"featured_media":3743,"comment_status":"open","ping_status":"closed","template":"","meta":{"_acf_changed":false},"product_cat":[836,1378,600,755,835],"product_tag":[],"acf":[],"_links":{"self":[{"href":"https:\/\/rayt.com\/ca\/wp-json\/wp\/v2\/product\/3741"}],"collection":[{"href":"https:\/\/rayt.com\/ca\/wp-json\/wp\/v2\/product"}],"about":[{"href":"https:\/\/rayt.com\/ca\/wp-json\/wp\/v2\/types\/product"}],"replies":[{"embeddable":true,"href":"https:\/\/rayt.com\/ca\/wp-json\/wp\/v2\/comments?post=3741"}],"wp:featuredmedia":[{"embeddable":true,"href":"https:\/\/rayt.com\/ca\/wp-json\/wp\/v2\/media\/3743"}],"wp:attachment":[{"href":"https:\/\/rayt.com\/ca\/wp-json\/wp\/v2\/media?parent=3741"}],"wp:term":[{"taxonomy":"product_cat","embeddable":true,"href":"https:\/\/rayt.com\/ca\/wp-json\/wp\/v2\/product_cat?post=3741"},{"taxonomy":"product_tag","embeddable":true,"href":"https:\/\/rayt.com\/ca\/wp-json\/wp\/v2\/product_tag?post=3741"}],"curies":[{"name":"wp","href":"https:\/\/api.w.org\/{rel}","templated":true}]}}