{"id":3755,"date":"2020-10-29T09:15:55","date_gmt":"2020-12-21T09:20:34","guid":{"rendered":"http:\/\/rayt.com\/?post_type=product&#038;p=3755"},"modified":"2021-02-17T10:16:26","modified_gmt":"2021-02-17T10:16:26","slug":"ma-6246","status":"publish","type":"product","link":"https:\/\/rayt.com\/ca\/producto\/ma-6246\/","title":{"rendered":"MA-6246"},"content":{"rendered":"<div id=\"description_block\">\n<div id=\"description_content\" class=\"rte align_justify\">\n<p>HOT-MELT AMB C\u00c0RREGUES PER MOTLLURES, PER FOLIS I XAPA EN ROTLLO.<\/p>\n<\/div>\n<div id=\"description_content\" class=\"rte align_justify\">\n<p>Adhesiu termofusible per a recobriment de motllures i perfils de MDF, aglomerat o fusta, per a aplicaci\u00f3 a corr\u00f3 o llavi quan es busqui un producte econ\u00f2mic adequat per folis gruixuts i xapa en rotllo.<\/p>\n<\/div>\n<\/div>\n<h4>CARACTER\u00cdSTIQUES<\/h4>\n<p>Recobriment de motllures i perfils amb xapa de fusta suportada o papers gruixuts.<br \/>\nTemperatura d&#8217;aplicaci\u00f3: 180-200\u00baC.<br \/>\nViscositat molt baixa.<br \/>\nF\u00e0cil aplicaci\u00f3.<br \/>\nFusi\u00f3 r\u00e0pida.<br \/>\nBon adhesi\u00f3.<\/p>\n","protected":false},"excerpt":{"rendered":"<p>HOT-MELT AMB C\u00c0RREGUES PER MOTLLURES, PER FOLIS I XAPA EN<\/p>\n","protected":false},"featured_media":3756,"comment_status":"open","ping_status":"closed","template":"","meta":{"_acf_changed":false},"product_cat":[1392,1394,600,755,838,837,835],"product_tag":[],"acf":[],"_links":{"self":[{"href":"https:\/\/rayt.com\/ca\/wp-json\/wp\/v2\/product\/3755"}],"collection":[{"href":"https:\/\/rayt.com\/ca\/wp-json\/wp\/v2\/product"}],"about":[{"href":"https:\/\/rayt.com\/ca\/wp-json\/wp\/v2\/types\/product"}],"replies":[{"embeddable":true,"href":"https:\/\/rayt.com\/ca\/wp-json\/wp\/v2\/comments?post=3755"}],"wp:featuredmedia":[{"embeddable":true,"href":"https:\/\/rayt.com\/ca\/wp-json\/wp\/v2\/media\/3756"}],"wp:attachment":[{"href":"https:\/\/rayt.com\/ca\/wp-json\/wp\/v2\/media?parent=3755"}],"wp:term":[{"taxonomy":"product_cat","embeddable":true,"href":"https:\/\/rayt.com\/ca\/wp-json\/wp\/v2\/product_cat?post=3755"},{"taxonomy":"product_tag","embeddable":true,"href":"https:\/\/rayt.com\/ca\/wp-json\/wp\/v2\/product_tag?post=3755"}],"curies":[{"name":"wp","href":"https:\/\/api.w.org\/{rel}","templated":true}]}}