{"id":3827,"date":"2020-10-30T09:15:31","date_gmt":"2020-12-21T10:36:12","guid":{"rendered":"http:\/\/rayt.com\/?post_type=product&#038;p=3827"},"modified":"2021-02-17T09:41:02","modified_gmt":"2021-02-17T09:41:02","slug":"ma-6770-t","status":"publish","type":"product","link":"https:\/\/rayt.com\/ca\/producto\/ma-6770-t\/","title":{"rendered":"MA-6770-T"},"content":{"rendered":"<p>HOT-MELT SENSE C\u00c0RREGUES PER CANTELLS. UNIVERSAL.<br \/>\nAdhesiu termofusible sense c\u00e0rregues, universal, de color groc clar, per l&#8217;encolat de cants.<\/p>\n<h4>CARACTER\u00cdSTIQUES<\/h4>\n<p>Cantells de PVC, ABS, poli\u00e8ster, xapa de fusta o melam\u00ednics. Tamb\u00e9 per llistons de fusta.<br \/>\nSense c\u00e0rregues. Baix nivell de fils. L\u00ednia de cola gaireb\u00e9 invisible.<br \/>\nVelocitat de m\u00e0quina: 5-40 m\/min. Tamb\u00e9 per CNC\/BAZ.<br \/>\nTemperatura d&#8217;aplicaci\u00f3: 190-210\u00baC.<br \/>\nAlta resist\u00e8ncia a el calor.<\/p>\n","protected":false},"excerpt":{"rendered":"<p>HOT-MELT SENSE C\u00c0RREGUES PER CANTELLS. UNIVERSAL. Adhesiu termofusible sense c\u00e0rregues,<\/p>\n","protected":false},"featured_media":3743,"comment_status":"open","ping_status":"closed","template":"","meta":{"_acf_changed":false},"product_cat":[910,913,1554,1585,600,755,923],"product_tag":[],"acf":[],"_links":{"self":[{"href":"https:\/\/rayt.com\/ca\/wp-json\/wp\/v2\/product\/3827"}],"collection":[{"href":"https:\/\/rayt.com\/ca\/wp-json\/wp\/v2\/product"}],"about":[{"href":"https:\/\/rayt.com\/ca\/wp-json\/wp\/v2\/types\/product"}],"replies":[{"embeddable":true,"href":"https:\/\/rayt.com\/ca\/wp-json\/wp\/v2\/comments?post=3827"}],"wp:featuredmedia":[{"embeddable":true,"href":"https:\/\/rayt.com\/ca\/wp-json\/wp\/v2\/media\/3743"}],"wp:attachment":[{"href":"https:\/\/rayt.com\/ca\/wp-json\/wp\/v2\/media?parent=3827"}],"wp:term":[{"taxonomy":"product_cat","embeddable":true,"href":"https:\/\/rayt.com\/ca\/wp-json\/wp\/v2\/product_cat?post=3827"},{"taxonomy":"product_tag","embeddable":true,"href":"https:\/\/rayt.com\/ca\/wp-json\/wp\/v2\/product_tag?post=3827"}],"curies":[{"name":"wp","href":"https:\/\/api.w.org\/{rel}","templated":true}]}}