{"id":3878,"date":"2020-10-30T09:28:45","date_gmt":"2020-12-21T11:18:24","guid":{"rendered":"http:\/\/rayt.com\/?post_type=product&#038;p=3878"},"modified":"2021-02-17T09:09:47","modified_gmt":"2021-02-17T09:09:47","slug":"hmc-80-transparentes","status":"publish","type":"product","link":"https:\/\/rayt.com\/ca\/producto\/hmc-80-transparentes\/","title":{"rendered":"HMC 80 Transparentes"},"content":{"rendered":"<p>HOT-MELT PER MAQUINES HOLZ-HER \u00ae. SENSE C\u00c0RREGUES. TRANSPARENT.<br \/>\nAdhesiu en cartutx sense c\u00e0rregues per a encolat de cantells de PVC, ABS, poli\u00e8ster, xapa de fusta i melam\u00ednics.<\/p>\n<h4>CARACTER\u00cdSTIQUES<\/h4>\n<p>Cantells de PVC, ABS, poli\u00e8ster, xapa de fusta o melam\u00ednics.<br \/>\nSense c\u00e0rregues. Transparent, l\u00ednia de cola invisible.<br \/>\nTemperatura d&#8217;aplicaci\u00f3: 185-210\u00baC.<br \/>\nVelocitat de m\u00e0quina: 5-40 m\/min.<br \/>\nTemps obert llarg.<\/p>\n","protected":false},"excerpt":{"rendered":"<p>HOT-MELT PER MAQUINES HOLZ-HER \u00ae. SENSE C\u00c0RREGUES. TRANSPARENT. Adhesiu en<\/p>\n","protected":false},"featured_media":3879,"comment_status":"open","ping_status":"closed","template":"","meta":{"_acf_changed":false},"product_cat":[910,913,1550,600,755],"product_tag":[],"acf":[],"_links":{"self":[{"href":"https:\/\/rayt.com\/ca\/wp-json\/wp\/v2\/product\/3878"}],"collection":[{"href":"https:\/\/rayt.com\/ca\/wp-json\/wp\/v2\/product"}],"about":[{"href":"https:\/\/rayt.com\/ca\/wp-json\/wp\/v2\/types\/product"}],"replies":[{"embeddable":true,"href":"https:\/\/rayt.com\/ca\/wp-json\/wp\/v2\/comments?post=3878"}],"wp:featuredmedia":[{"embeddable":true,"href":"https:\/\/rayt.com\/ca\/wp-json\/wp\/v2\/media\/3879"}],"wp:attachment":[{"href":"https:\/\/rayt.com\/ca\/wp-json\/wp\/v2\/media?parent=3878"}],"wp:term":[{"taxonomy":"product_cat","embeddable":true,"href":"https:\/\/rayt.com\/ca\/wp-json\/wp\/v2\/product_cat?post=3878"},{"taxonomy":"product_tag","embeddable":true,"href":"https:\/\/rayt.com\/ca\/wp-json\/wp\/v2\/product_tag?post=3878"}],"curies":[{"name":"wp","href":"https:\/\/api.w.org\/{rel}","templated":true}]}}