{"id":3888,"date":"2020-10-30T09:32:31","date_gmt":"2020-12-21T11:27:56","guid":{"rendered":"http:\/\/rayt.com\/?post_type=product&#038;p=3888"},"modified":"2021-02-17T09:10:59","modified_gmt":"2021-02-17T09:10:59","slug":"hmc-81-transparente","status":"publish","type":"product","link":"https:\/\/rayt.com\/ca\/producto\/hmc-81-transparente\/","title":{"rendered":"HMC 81 Transparente"},"content":{"rendered":"<p>HOT-MELT PER MAQUINES HOLZ-HER \u00ae. SENSE C\u00c0RREGUES. GROGUENC.<br \/>\nAdhesiu en cartutx sense c\u00e0rregues per a encolat de cantells de PVC, ABS, poli\u00e8ster, xapa de fusta i melam\u00ednics.<\/p>\n<h4>CARACTER\u00cdSTIQUES<\/h4>\n<p>Sense c\u00e0rregues. Color ambre transl\u00facid, l\u00ednia de cola gaireb\u00e9 invisible.<br \/>\nCantells de PVC, ABS, poli\u00e8ster, xapa de fusta o melam\u00ednics.<br \/>\nTemperatura d&#8217;aplicaci\u00f3: 185-210\u00baC.<br \/>\nVelocitat de m\u00e0quina: 5-40 m\/min.<br \/>\nTemps obert mig.<\/p>\n","protected":false},"excerpt":{"rendered":"<p>HOT-MELT PER MAQUINES HOLZ-HER \u00ae. SENSE C\u00c0RREGUES. GROGUENC. Adhesiu en<\/p>\n","protected":false},"featured_media":3889,"comment_status":"open","ping_status":"closed","template":"","meta":{"_acf_changed":false},"product_cat":[910,913,1550,600,755],"product_tag":[],"acf":[],"_links":{"self":[{"href":"https:\/\/rayt.com\/ca\/wp-json\/wp\/v2\/product\/3888"}],"collection":[{"href":"https:\/\/rayt.com\/ca\/wp-json\/wp\/v2\/product"}],"about":[{"href":"https:\/\/rayt.com\/ca\/wp-json\/wp\/v2\/types\/product"}],"replies":[{"embeddable":true,"href":"https:\/\/rayt.com\/ca\/wp-json\/wp\/v2\/comments?post=3888"}],"wp:featuredmedia":[{"embeddable":true,"href":"https:\/\/rayt.com\/ca\/wp-json\/wp\/v2\/media\/3889"}],"wp:attachment":[{"href":"https:\/\/rayt.com\/ca\/wp-json\/wp\/v2\/media?parent=3888"}],"wp:term":[{"taxonomy":"product_cat","embeddable":true,"href":"https:\/\/rayt.com\/ca\/wp-json\/wp\/v2\/product_cat?post=3888"},{"taxonomy":"product_tag","embeddable":true,"href":"https:\/\/rayt.com\/ca\/wp-json\/wp\/v2\/product_tag?post=3888"}],"curies":[{"name":"wp","href":"https:\/\/api.w.org\/{rel}","templated":true}]}}