{"id":3933,"date":"2020-10-22T10:03:30","date_gmt":"2020-12-21T12:06:22","guid":{"rendered":"http:\/\/rayt.com\/?post_type=product&#038;p=3933"},"modified":"2021-02-25T08:29:19","modified_gmt":"2021-02-25T08:29:19","slug":"ma-6737","status":"publish","type":"product","link":"https:\/\/rayt.com\/ca\/producto\/ma-6737\/","title":{"rendered":"MA-6737"},"content":{"rendered":"<div id=\"description_block\">\n<div id=\"description_content\" class=\"rte align_justify\">\n<div id=\"description_block\">\n<div id=\"description_content\" class=\"rte align_justify\">\n<p>HOT-MELT PER ENCOLAT DE CANTELLS. \u00daS GENERAL. ALTA ESTABILITAT T\u00c8RMICA.<\/p>\n<\/div>\n<div id=\"description_content\" class=\"rte align_justify\">\n<p>Adhesiu d&#8217;alta estabilitat t\u00e8rmica per cantells de PVC, ABS, poli\u00e8ster, xapa de fusta i melam\u00ednics.<\/p>\n<\/div>\n<\/div>\n<h4>CARACTER\u00cdSTIQUES<\/h4>\n<p>Estabilitat t\u00e8rmica millorada i funcionament net en m\u00e0quina. Especial per a m\u00e0quines d&#8217;\u00fas intermitent.<br \/>\nCantells de PVC, ABS, poli\u00e8ster, xapa de fusta o melam\u00ednics.<br \/>\nTemperatura d&#8217;aplicaci\u00f3: 180-200\u00baC.<br \/>\nViscositat mitja. Temps obert mig.<br \/>\nVelocitat de m\u00e0quina: 9-40 m\/min.<\/p>\n<\/div>\n<\/div>\n","protected":false},"excerpt":{"rendered":"<p>HOT-MELT PER ENCOLAT DE CANTELLS. \u00daS GENERAL. ALTA ESTABILITAT T\u00c8RMICA.<\/p>\n","protected":false},"featured_media":2301,"comment_status":"open","ping_status":"closed","template":"","meta":{"_acf_changed":false},"product_cat":[910,913,1554,600,755],"product_tag":[],"acf":[],"_links":{"self":[{"href":"https:\/\/rayt.com\/ca\/wp-json\/wp\/v2\/product\/3933"}],"collection":[{"href":"https:\/\/rayt.com\/ca\/wp-json\/wp\/v2\/product"}],"about":[{"href":"https:\/\/rayt.com\/ca\/wp-json\/wp\/v2\/types\/product"}],"replies":[{"embeddable":true,"href":"https:\/\/rayt.com\/ca\/wp-json\/wp\/v2\/comments?post=3933"}],"wp:featuredmedia":[{"embeddable":true,"href":"https:\/\/rayt.com\/ca\/wp-json\/wp\/v2\/media\/2301"}],"wp:attachment":[{"href":"https:\/\/rayt.com\/ca\/wp-json\/wp\/v2\/media?parent=3933"}],"wp:term":[{"taxonomy":"product_cat","embeddable":true,"href":"https:\/\/rayt.com\/ca\/wp-json\/wp\/v2\/product_cat?post=3933"},{"taxonomy":"product_tag","embeddable":true,"href":"https:\/\/rayt.com\/ca\/wp-json\/wp\/v2\/product_tag?post=3933"}],"curies":[{"name":"wp","href":"https:\/\/api.w.org\/{rel}","templated":true}]}}