{"id":3937,"date":"2020-10-29T10:32:05","date_gmt":"2020-12-21T12:15:52","guid":{"rendered":"http:\/\/rayt.com\/?post_type=product&#038;p=3937"},"modified":"2021-02-17T09:42:39","modified_gmt":"2021-02-17T09:42:39","slug":"ma-6443-nv","status":"publish","type":"product","link":"https:\/\/rayt.com\/ca\/producto\/ma-6443-nv\/","title":{"rendered":"MA-6443-NV"},"content":{"rendered":"<div id=\"description_block\">\n<div id=\"description_content\" class=\"rte align_justify\">\n<div id=\"description_block\">\n<div id=\"description_content\" class=\"rte align_justify\">\n<p>HOT-MELT ESPECIAL PER PREENCOLAT DE CANTELLS. ASSECAT R\u00c0PID.<\/p>\n<\/div>\n<div id=\"description_content\" class=\"rte align_justify\">\n<p>Adhesiu termofusible per preencolat de cantells en m\u00e0quines HARDO, BRANDT, VIRUTEX o similar, amb aplicaci\u00f3 a corr\u00f3.<br \/>\nR\u00e0pid assecat que permet el rebobinat immediat i f\u00e0cil reactivaci\u00f3 per facilitar l&#8217;aplicaci\u00f3 de l&#8217;usuari final.<\/p>\n<\/div>\n<\/div>\n<h4>CARACTER\u00cdSTIQUES<\/h4>\n<p>R\u00e0pid enduriment per evitar problemes de blocking en els rotllos.<br \/>\nPreencolado de tot tipus de cantells.<br \/>\nTemperatura d&#8217;aplicaci\u00f3: 160-180\u00baC.<br \/>\nViscositat mitja-alta.<br \/>\nF\u00e0cil reactivaci\u00f3.<\/p>\n<\/div>\n<\/div>\n","protected":false},"excerpt":{"rendered":"<p>HOT-MELT ESPECIAL PER PREENCOLAT DE CANTELLS. ASSECAT R\u00c0PID. Adhesiu termofusible<\/p>\n","protected":false},"featured_media":3679,"comment_status":"open","ping_status":"closed","template":"","meta":{"_acf_changed":false},"product_cat":[910,1560,600,755,925],"product_tag":[],"acf":[],"_links":{"self":[{"href":"https:\/\/rayt.com\/ca\/wp-json\/wp\/v2\/product\/3937"}],"collection":[{"href":"https:\/\/rayt.com\/ca\/wp-json\/wp\/v2\/product"}],"about":[{"href":"https:\/\/rayt.com\/ca\/wp-json\/wp\/v2\/types\/product"}],"replies":[{"embeddable":true,"href":"https:\/\/rayt.com\/ca\/wp-json\/wp\/v2\/comments?post=3937"}],"wp:featuredmedia":[{"embeddable":true,"href":"https:\/\/rayt.com\/ca\/wp-json\/wp\/v2\/media\/3679"}],"wp:attachment":[{"href":"https:\/\/rayt.com\/ca\/wp-json\/wp\/v2\/media?parent=3937"}],"wp:term":[{"taxonomy":"product_cat","embeddable":true,"href":"https:\/\/rayt.com\/ca\/wp-json\/wp\/v2\/product_cat?post=3937"},{"taxonomy":"product_tag","embeddable":true,"href":"https:\/\/rayt.com\/ca\/wp-json\/wp\/v2\/product_tag?post=3937"}],"curies":[{"name":"wp","href":"https:\/\/api.w.org\/{rel}","templated":true}]}}