{"id":3949,"date":"2020-10-29T10:38:27","date_gmt":"2020-12-21T12:33:11","guid":{"rendered":"http:\/\/rayt.com\/?post_type=product&#038;p=3949"},"modified":"2021-02-17T09:45:46","modified_gmt":"2021-02-17T09:45:46","slug":"ma-6715","status":"publish","type":"product","link":"https:\/\/rayt.com\/ca\/producto\/ma-6715\/","title":{"rendered":"MA-6715"},"content":{"rendered":"<div id=\"description_block\">\n<div id=\"description_content\" class=\"rte align_justify\">\n<div id=\"description_block\">\n<div id=\"description_content\" class=\"rte align_justify\">\n<p>HOT-MELT PER ENCOLAT DE CANTELLS. SENSE C\u00c0RREGUES.<\/p>\n<\/div>\n<div id=\"description_content\" class=\"rte align_justify\">\n<p>Adhesiu per a encolat de cantells de PVC, ABS, poli\u00e8ster, xapa de fusta i melam\u00ednics.<\/p>\n<\/div>\n<\/div>\n<h4>CARACTER\u00cdSTIQUES<\/h4>\n<p>Adequat tamb\u00e9 per a l&#8217;encolat de cantells de melamina, xapa, poli\u00e8ster o PVC imprimat quan es necessita treballar a baixa temperatura o baixa velocitat (m\u00e0quines semiautom\u00e0tiques, cantell corb, etc.)<br \/>\nR\u00e0pid enduriment per evitar problemes de blocking en els rotllos.<br \/>\nPreencolado de tot tipus de cantells.<br \/>\nF\u00e0cil reactivaci\u00f3.<\/p>\n<\/div>\n<\/div>\n","protected":false},"excerpt":{"rendered":"<p>HOT-MELT PER ENCOLAT DE CANTELLS. SENSE C\u00c0RREGUES. Adhesiu per a<\/p>\n","protected":false},"featured_media":3743,"comment_status":"open","ping_status":"closed","template":"","meta":{"_acf_changed":false},"product_cat":[910,1560,600,755,925],"product_tag":[],"acf":[],"_links":{"self":[{"href":"https:\/\/rayt.com\/ca\/wp-json\/wp\/v2\/product\/3949"}],"collection":[{"href":"https:\/\/rayt.com\/ca\/wp-json\/wp\/v2\/product"}],"about":[{"href":"https:\/\/rayt.com\/ca\/wp-json\/wp\/v2\/types\/product"}],"replies":[{"embeddable":true,"href":"https:\/\/rayt.com\/ca\/wp-json\/wp\/v2\/comments?post=3949"}],"wp:featuredmedia":[{"embeddable":true,"href":"https:\/\/rayt.com\/ca\/wp-json\/wp\/v2\/media\/3743"}],"wp:attachment":[{"href":"https:\/\/rayt.com\/ca\/wp-json\/wp\/v2\/media?parent=3949"}],"wp:term":[{"taxonomy":"product_cat","embeddable":true,"href":"https:\/\/rayt.com\/ca\/wp-json\/wp\/v2\/product_cat?post=3949"},{"taxonomy":"product_tag","embeddable":true,"href":"https:\/\/rayt.com\/ca\/wp-json\/wp\/v2\/product_tag?post=3949"}],"curies":[{"name":"wp","href":"https:\/\/api.w.org\/{rel}","templated":true}]}}