{"id":3991,"date":"2020-10-30T09:57:04","date_gmt":"2020-12-22T08:29:11","guid":{"rendered":"http:\/\/rayt.com\/?post_type=product&#038;p=3991"},"modified":"2021-02-17T08:48:45","modified_gmt":"2021-02-17T08:48:45","slug":"ma-6581","status":"publish","type":"product","link":"https:\/\/rayt.com\/ca\/producto\/ma-6581\/","title":{"rendered":"MA-6581"},"content":{"rendered":"<p>HOT-MELT PER ENCOLAT DE CANTELLS. ESPECIAL PVC.<br \/>\nAdhesiu d&#8217;alta qualitat especial per cantells de PVC de fins a 4 mm.<br \/>\nAdequat tamb\u00e9 per ABS, poli\u00e8ster, xapa de fusta o melam\u00ednics.<\/p>\n<h4>CARACTER\u00cdSTIQUES<\/h4>\n<p>Cantells de PVC de fins a 4 mm, ABS, poli\u00e8ster, xapa de fusta o melam\u00ednics.<br \/>\nExcel\u00b7lent elasticitat i resist\u00e8ncia al fred.<br \/>\nTemperatura d&#8217;aplicaci\u00f3: 190-210\u00baC.<br \/>\nVelocitat de m\u00e0quina: 10-40 m\/min.<br \/>\nViscositat mitja.<\/p>\n","protected":false},"excerpt":{"rendered":"<p>HOT-MELT PER ENCOLAT DE CANTELLS. ESPECIAL PVC. Adhesiu d&#8217;alta qualitat<\/p>\n","protected":false},"featured_media":3770,"comment_status":"open","ping_status":"closed","template":"","meta":{"_acf_changed":false},"product_cat":[910,913,1554,600,755],"product_tag":[],"acf":[],"_links":{"self":[{"href":"https:\/\/rayt.com\/ca\/wp-json\/wp\/v2\/product\/3991"}],"collection":[{"href":"https:\/\/rayt.com\/ca\/wp-json\/wp\/v2\/product"}],"about":[{"href":"https:\/\/rayt.com\/ca\/wp-json\/wp\/v2\/types\/product"}],"replies":[{"embeddable":true,"href":"https:\/\/rayt.com\/ca\/wp-json\/wp\/v2\/comments?post=3991"}],"wp:featuredmedia":[{"embeddable":true,"href":"https:\/\/rayt.com\/ca\/wp-json\/wp\/v2\/media\/3770"}],"wp:attachment":[{"href":"https:\/\/rayt.com\/ca\/wp-json\/wp\/v2\/media?parent=3991"}],"wp:term":[{"taxonomy":"product_cat","embeddable":true,"href":"https:\/\/rayt.com\/ca\/wp-json\/wp\/v2\/product_cat?post=3991"},{"taxonomy":"product_tag","embeddable":true,"href":"https:\/\/rayt.com\/ca\/wp-json\/wp\/v2\/product_tag?post=3991"}],"curies":[{"name":"wp","href":"https:\/\/api.w.org\/{rel}","templated":true}]}}