{"id":3998,"date":"2020-10-30T10:19:36","date_gmt":"2020-12-22T08:51:07","guid":{"rendered":"http:\/\/rayt.com\/?post_type=product&#038;p=3998"},"modified":"2021-02-17T09:04:46","modified_gmt":"2021-02-17T09:04:46","slug":"ma-6719-t","status":"publish","type":"product","link":"https:\/\/rayt.com\/ca\/producto\/ma-6719-t\/","title":{"rendered":"MA-6719-T"},"content":{"rendered":"<p>HOT-MELT PER ENCOLAT DE CANTELLS. TRANSPARENT.<br \/>\nAdhesiu per a encolat de cantells de fins a 3 mm. de PVC, ABS, poli\u00e8ster, xapa de fusta i melam\u00ednics.<\/p>\n<h4>CARACTER\u00cdSTIQUES<\/h4>\n<p>Excel\u00b7lent estabilitat t\u00e8rmica : quan es treballa de forma intermitent minimitza els problemes de formaci\u00f3 de dip\u00f2sits, carbonisses, pells etc, en els calderins de fusi\u00f3.<br \/>\nAdequat per a tot tipus de cantejadores i especialment per a treballs no continus (centres de treball).<br \/>\nCantells de melamina, xapa de fusta,poli\u00e8ster i PVC (fins a 3 mm).<br \/>\nTemperatura d&#8217;aplicaci\u00f3: 190-220\u00baC.<br \/>\nRendiment molt elevat.<br \/>\nTemps obert mig.<\/p>\n","protected":false},"excerpt":{"rendered":"<p>HOT-MELT PER ENCOLAT DE CANTELLS. TRANSPARENT. Adhesiu per a encolat<\/p>\n","protected":false},"featured_media":2315,"comment_status":"open","ping_status":"closed","template":"","meta":{"_acf_changed":false},"product_cat":[910,913,1554,600,755],"product_tag":[],"acf":[],"_links":{"self":[{"href":"https:\/\/rayt.com\/ca\/wp-json\/wp\/v2\/product\/3998"}],"collection":[{"href":"https:\/\/rayt.com\/ca\/wp-json\/wp\/v2\/product"}],"about":[{"href":"https:\/\/rayt.com\/ca\/wp-json\/wp\/v2\/types\/product"}],"replies":[{"embeddable":true,"href":"https:\/\/rayt.com\/ca\/wp-json\/wp\/v2\/comments?post=3998"}],"wp:featuredmedia":[{"embeddable":true,"href":"https:\/\/rayt.com\/ca\/wp-json\/wp\/v2\/media\/2315"}],"wp:attachment":[{"href":"https:\/\/rayt.com\/ca\/wp-json\/wp\/v2\/media?parent=3998"}],"wp:term":[{"taxonomy":"product_cat","embeddable":true,"href":"https:\/\/rayt.com\/ca\/wp-json\/wp\/v2\/product_cat?post=3998"},{"taxonomy":"product_tag","embeddable":true,"href":"https:\/\/rayt.com\/ca\/wp-json\/wp\/v2\/product_tag?post=3998"}],"curies":[{"name":"wp","href":"https:\/\/api.w.org\/{rel}","templated":true}]}}