{"id":4002,"date":"2020-10-29T10:00:58","date_gmt":"2020-12-22T09:10:01","guid":{"rendered":"http:\/\/rayt.com\/?post_type=product&#038;p=4002"},"modified":"2021-02-17T10:28:08","modified_gmt":"2021-02-17T10:28:08","slug":"ma-6523-r","status":"publish","type":"product","link":"https:\/\/rayt.com\/ca\/producto\/ma-6523-r\/","title":{"rendered":"MA-6523-R"},"content":{"rendered":"<p>HOT-MELT PER REVESTIMENT DE MOTLLURES. HPL.<br \/>\nAdhesiu especialment adequat per al folrat de motllures amb laminats melam\u00ednics d&#8217;alta pressi\u00f3, en m\u00e0quines autom\u00e0tiques especials.<\/p>\n<h4>CARACTER\u00cdSTIQUES<\/h4>\n<p>Recobriment de motllures amb laminats melam\u00ednics d&#8217;alta pressi\u00f3, en m\u00e0quines autom\u00e0tiques especials.<br \/>\nTemperatura d&#8217;aplicaci\u00f3: 190-210\u00baC.<br \/>\nTemps obert curt.<\/p>\n","protected":false},"excerpt":{"rendered":"<p>HOT-MELT PER REVESTIMENT DE MOTLLURES. HPL. Adhesiu especialment adequat per<\/p>\n","protected":false},"featured_media":3679,"comment_status":"open","ping_status":"closed","template":"","meta":{"_acf_changed":false},"product_cat":[1384,600,1092,755,835],"product_tag":[],"acf":[],"_links":{"self":[{"href":"https:\/\/rayt.com\/ca\/wp-json\/wp\/v2\/product\/4002"}],"collection":[{"href":"https:\/\/rayt.com\/ca\/wp-json\/wp\/v2\/product"}],"about":[{"href":"https:\/\/rayt.com\/ca\/wp-json\/wp\/v2\/types\/product"}],"replies":[{"embeddable":true,"href":"https:\/\/rayt.com\/ca\/wp-json\/wp\/v2\/comments?post=4002"}],"wp:featuredmedia":[{"embeddable":true,"href":"https:\/\/rayt.com\/ca\/wp-json\/wp\/v2\/media\/3679"}],"wp:attachment":[{"href":"https:\/\/rayt.com\/ca\/wp-json\/wp\/v2\/media?parent=4002"}],"wp:term":[{"taxonomy":"product_cat","embeddable":true,"href":"https:\/\/rayt.com\/ca\/wp-json\/wp\/v2\/product_cat?post=4002"},{"taxonomy":"product_tag","embeddable":true,"href":"https:\/\/rayt.com\/ca\/wp-json\/wp\/v2\/product_tag?post=4002"}],"curies":[{"name":"wp","href":"https:\/\/api.w.org\/{rel}","templated":true}]}}