{"id":4006,"date":"2020-12-22T09:31:37","date_gmt":"2020-12-22T09:34:06","guid":{"rendered":"http:\/\/rayt.com\/?post_type=product&#038;p=4006"},"modified":"2021-02-22T10:31:40","modified_gmt":"2021-02-22T10:31:40","slug":"sprint-ms-polymer-2","status":"publish","type":"product","link":"https:\/\/rayt.com\/ca\/producto\/sprint-ms-polymer-2\/","title":{"rendered":"Sprint MS Polymer"},"content":{"rendered":"<p>POL\u00cdMER H\u00cdBRID MS EN CARTUTX PER ENCOLAR I SEGELLAR.<br \/>\nPol\u00edmer h\u00edbrid MS transparent en cartutx, de perfecta adher\u00e8ncia en la majoria de materials. Pintable.<\/p>\n<h4>CARACTER\u00cdSTIQUES<\/h4>\n<p>Funci\u00f3 de segellador i adhesiu: SEGELLA I ENGANXA.<br \/>\nPerfecta adher\u00e8ncia en la majoria de materials: fusta, metall, alumini, ferro, acer inoxidable, coure, formig\u00f3, cer\u00e0mica, policarbonat, poli\u00e8ster, marbre, vidre, poliestir\u00e8, PVC, etc.<br \/>\nBona aplicaci\u00f3, tamb\u00e9 a baixes temperatures.<br \/>\nNo contamina el medi ambient: sense solvents, ni isocianats, ni silicones.<br \/>\nResistent a la formaci\u00f3 de fongs.<\/p>\n","protected":false},"excerpt":{"rendered":"<p>POL\u00cdMER H\u00cdBRID MS EN CARTUTX PER ENCOLAR I SEGELLAR. Pol\u00edmer<\/p>\n","protected":false},"featured_media":5741,"comment_status":"open","ping_status":"closed","template":"","meta":{"_acf_changed":false},"product_cat":[1537,1717,853,600,946,755,850,954],"product_tag":[],"acf":[],"_links":{"self":[{"href":"https:\/\/rayt.com\/ca\/wp-json\/wp\/v2\/product\/4006"}],"collection":[{"href":"https:\/\/rayt.com\/ca\/wp-json\/wp\/v2\/product"}],"about":[{"href":"https:\/\/rayt.com\/ca\/wp-json\/wp\/v2\/types\/product"}],"replies":[{"embeddable":true,"href":"https:\/\/rayt.com\/ca\/wp-json\/wp\/v2\/comments?post=4006"}],"wp:featuredmedia":[{"embeddable":true,"href":"https:\/\/rayt.com\/ca\/wp-json\/wp\/v2\/media\/5741"}],"wp:attachment":[{"href":"https:\/\/rayt.com\/ca\/wp-json\/wp\/v2\/media?parent=4006"}],"wp:term":[{"taxonomy":"product_cat","embeddable":true,"href":"https:\/\/rayt.com\/ca\/wp-json\/wp\/v2\/product_cat?post=4006"},{"taxonomy":"product_tag","embeddable":true,"href":"https:\/\/rayt.com\/ca\/wp-json\/wp\/v2\/product_tag?post=4006"}],"curies":[{"name":"wp","href":"https:\/\/api.w.org\/{rel}","templated":true}]}}