{"id":4019,"date":"2020-11-02T11:49:14","date_gmt":"2020-12-22T10:38:57","guid":{"rendered":"http:\/\/rayt.com\/?post_type=product&#038;p=4019"},"modified":"2021-02-12T11:28:26","modified_gmt":"2021-02-12T11:28:26","slug":"novopren-60-d","status":"publish","type":"product","link":"https:\/\/rayt.com\/ca\/producto\/novopren-60-d\/","title":{"rendered":"NOVOPREN 60-D"},"content":{"rendered":"<p>ADHESIU DE POLIURET\u00c0 BASE SOLVENT, REACTIVABLE PER CALOR.<br \/>\nAdhesiu adequat per l&#8217;encolat per immersi\u00f3 i\/o polvoritzaci\u00f3, podent efectuar l&#8217;encolat o b\u00e9 en fase l\u00edquida o b\u00e9 per reactivaci\u00f3 per calor despr\u00e9s de l&#8217;assecat.<\/p>\n<h4>CARACTER\u00cdSTIQUES<\/h4>\n<p>Permet l&#8217;encolat en humit o per reactivaci\u00f3 despr\u00e9s d&#8217;assecat.<br \/>\nAdhesiu en base poliuret\u00e0.<br \/>\nAplicaci\u00f3 per immersi\u00f3.<\/p>\n","protected":false},"excerpt":{"rendered":"<p>ADHESIU DE POLIURET\u00c0 BASE SOLVENT, REACTIVABLE PER CALOR. Adhesiu adequat<\/p>\n","protected":false},"featured_media":2962,"comment_status":"open","ping_status":"closed","template":"","meta":{"_acf_changed":false},"product_cat":[1720,600,946,954],"product_tag":[],"acf":[],"_links":{"self":[{"href":"https:\/\/rayt.com\/ca\/wp-json\/wp\/v2\/product\/4019"}],"collection":[{"href":"https:\/\/rayt.com\/ca\/wp-json\/wp\/v2\/product"}],"about":[{"href":"https:\/\/rayt.com\/ca\/wp-json\/wp\/v2\/types\/product"}],"replies":[{"embeddable":true,"href":"https:\/\/rayt.com\/ca\/wp-json\/wp\/v2\/comments?post=4019"}],"wp:featuredmedia":[{"embeddable":true,"href":"https:\/\/rayt.com\/ca\/wp-json\/wp\/v2\/media\/2962"}],"wp:attachment":[{"href":"https:\/\/rayt.com\/ca\/wp-json\/wp\/v2\/media?parent=4019"}],"wp:term":[{"taxonomy":"product_cat","embeddable":true,"href":"https:\/\/rayt.com\/ca\/wp-json\/wp\/v2\/product_cat?post=4019"},{"taxonomy":"product_tag","embeddable":true,"href":"https:\/\/rayt.com\/ca\/wp-json\/wp\/v2\/product_tag?post=4019"}],"curies":[{"name":"wp","href":"https:\/\/api.w.org\/{rel}","templated":true}]}}