{"id":4029,"date":"2020-11-02T11:57:47","date_gmt":"2020-12-22T10:59:11","guid":{"rendered":"http:\/\/rayt.com\/?post_type=product&#038;p=4029"},"modified":"2021-02-12T11:30:57","modified_gmt":"2021-02-12T11:30:57","slug":"novopren-tm-220-bv","status":"publish","type":"product","link":"https:\/\/rayt.com\/ca\/producto\/novopren-tm-220-bv\/","title":{"rendered":"NOVOPREN TM-220-BV"},"content":{"rendered":"<p>ADHESIU BASAT EN CAUTX\u00da SINT\u00c8TIC EN DISSOLVENTS. FOLIS PL\u00c0STICS<br \/>\nAdhesiu especialment adequat per a tot tipus de treballs on es requereixi un adhesiu de contacte de llarg temps obert i bona adher\u00e8ncia, especialment per l&#8217;encolat de folis pl\u00e0stics entre si.<\/p>\n<h4>CARACTER\u00cdSTIQUES<\/h4>\n<p>Adhesiu de contacte de bones prestacions.<br \/>\nEncolat de l\u00e0mines pl\u00e0stiques.<br \/>\nFacilitat d&#8217;aplicaci\u00f3.<br \/>\nTemps obert llarg.<\/p>\n","protected":false},"excerpt":{"rendered":"<p>ADHESIU BASAT EN CAUTX\u00da SINT\u00c8TIC EN DISSOLVENTS. FOLIS PL\u00c0STICS Adhesiu<\/p>\n","protected":false},"featured_media":3309,"comment_status":"open","ping_status":"closed","template":"","meta":{"_acf_changed":false},"product_cat":[1720,600,946,954],"product_tag":[],"acf":[],"_links":{"self":[{"href":"https:\/\/rayt.com\/ca\/wp-json\/wp\/v2\/product\/4029"}],"collection":[{"href":"https:\/\/rayt.com\/ca\/wp-json\/wp\/v2\/product"}],"about":[{"href":"https:\/\/rayt.com\/ca\/wp-json\/wp\/v2\/types\/product"}],"replies":[{"embeddable":true,"href":"https:\/\/rayt.com\/ca\/wp-json\/wp\/v2\/comments?post=4029"}],"wp:featuredmedia":[{"embeddable":true,"href":"https:\/\/rayt.com\/ca\/wp-json\/wp\/v2\/media\/3309"}],"wp:attachment":[{"href":"https:\/\/rayt.com\/ca\/wp-json\/wp\/v2\/media?parent=4029"}],"wp:term":[{"taxonomy":"product_cat","embeddable":true,"href":"https:\/\/rayt.com\/ca\/wp-json\/wp\/v2\/product_cat?post=4029"},{"taxonomy":"product_tag","embeddable":true,"href":"https:\/\/rayt.com\/ca\/wp-json\/wp\/v2\/product_tag?post=4029"}],"curies":[{"name":"wp","href":"https:\/\/api.w.org\/{rel}","templated":true}]}}