{"id":4101,"date":"2020-11-03T08:25:39","date_gmt":"2020-12-23T07:40:57","guid":{"rendered":"http:\/\/rayt.com\/?post_type=product&#038;p=4101"},"modified":"2023-04-25T14:35:29","modified_gmt":"2023-04-25T14:35:29","slug":"v-7732-r","status":"publish","type":"product","link":"https:\/\/rayt.com\/ca\/producto\/v-7732-r\/","title":{"rendered":"V-7732-R"},"content":{"rendered":"<p>ENDURIDOR PER A ADHESIUS DE POLIURET\u00c0 BICOMPONENTS.<br \/>\nEnduridor isocianat (component B) per adhesius de poliuret\u00e0 bicomponents.<\/p>\n<h4>CARACTER\u00cdSTIQUES<\/h4>\n<p>Component B d&#8217;adhesius de poliuret\u00e0 bicomponentes.<br \/>\nEnduridor isocianat.<br \/>\nF\u00e0cil incorporaci\u00f3.<\/p>\n<p>&nbsp;<\/p>\n<p><strong>Per a un \u00fas segur de l&#8217;escuma que cont\u00e9 diisocianats, oferim als nostres usuaris una formaci\u00f3 en seguretat; obligat\u00f2ria per a usuaris professionals i industrials.<\/strong><\/p>\n<p><a class=\"fasc-button fasc-size-large fasc-type-flat fasc-style-bold\" style=\"background-color: #ff010b; color: #ffffff;\" target=\"_blank\" rel=\"noopener noreferrer\" href=\"https:\/\/isopa-aisbl.idloom.events\/048-es\">Oferim formaci\u00f3 gratu\u00efta en l\u00ednia, aix\u00ed com certificat final de realitzaci\u00f3, amb el codi seg\u00fcent: FEICA_21_N3<\/a><\/p>\n","protected":false},"excerpt":{"rendered":"<p>ENDURIDOR PER A ADHESIUS DE POLIURET\u00c0 BICOMPONENTS. Enduridor isocianat (component<\/p>\n","protected":false},"featured_media":3980,"comment_status":"open","ping_status":"closed","template":"","meta":{"_acf_changed":false},"product_cat":[1726,600,946,955,756],"product_tag":[],"acf":[],"_links":{"self":[{"href":"https:\/\/rayt.com\/ca\/wp-json\/wp\/v2\/product\/4101"}],"collection":[{"href":"https:\/\/rayt.com\/ca\/wp-json\/wp\/v2\/product"}],"about":[{"href":"https:\/\/rayt.com\/ca\/wp-json\/wp\/v2\/types\/product"}],"replies":[{"embeddable":true,"href":"https:\/\/rayt.com\/ca\/wp-json\/wp\/v2\/comments?post=4101"}],"wp:featuredmedia":[{"embeddable":true,"href":"https:\/\/rayt.com\/ca\/wp-json\/wp\/v2\/media\/3980"}],"wp:attachment":[{"href":"https:\/\/rayt.com\/ca\/wp-json\/wp\/v2\/media?parent=4101"}],"wp:term":[{"taxonomy":"product_cat","embeddable":true,"href":"https:\/\/rayt.com\/ca\/wp-json\/wp\/v2\/product_cat?post=4101"},{"taxonomy":"product_tag","embeddable":true,"href":"https:\/\/rayt.com\/ca\/wp-json\/wp\/v2\/product_tag?post=4101"}],"curies":[{"name":"wp","href":"https:\/\/api.w.org\/{rel}","templated":true}]}}