{"id":4106,"date":"2020-11-03T08:29:39","date_gmt":"2020-12-23T07:48:14","guid":{"rendered":"http:\/\/rayt.com\/?post_type=product&#038;p=4106"},"modified":"2023-04-25T14:02:16","modified_gmt":"2023-04-25T14:02:16","slug":"v-7107","status":"publish","type":"product","link":"https:\/\/rayt.com\/ca\/producto\/v-7107\/","title":{"rendered":"V-7107"},"content":{"rendered":"<p>VULCANITZADOR EN FRED.<br \/>\nReticulant basat en isocianat per adhesius a base de policloropr\u00e8, cautx\u00fa natural, poliuret\u00e0, etc.<\/p>\n<h4>CARACTER\u00cdSTIQUES<\/h4>\n<p>Catalitzador &#8211; enduridor per a coles de contacte.<br \/>\nVulcanitzador en fred.<br \/>\nEnduridor isocianat.<br \/>\nF\u00e0cil incorporaci\u00f3.<\/p>\n<p>&nbsp;<\/p>\n<p><strong>Per a un \u00fas segur de l&#8217;escuma que cont\u00e9 diisocianats, oferim als nostres usuaris una formaci\u00f3 en seguretat; obligat\u00f2ria per a usuaris professionals i industrials.<\/strong><\/p>\n<p><a class=\"fasc-button fasc-size-large fasc-type-flat fasc-style-bold\" style=\"background-color: #ff010b; color: #ffffff;\" target=\"_blank\" rel=\"noopener noreferrer\" href=\"https:\/\/isopa-aisbl.idloom.events\/048-es\">Oferim formaci\u00f3 gratu\u00efta en l\u00ednia, aix\u00ed com certificat final de realitzaci\u00f3, amb el codi seg\u00fcent: FEICA_21_N3<\/a><\/p>\n","protected":false},"excerpt":{"rendered":"<p>VULCANITZADOR EN FRED. Reticulant basat en isocianat per adhesius a<\/p>\n","protected":false},"featured_media":8279,"comment_status":"open","ping_status":"closed","template":"","meta":{"_acf_changed":false},"product_cat":[600,946,955,1727,756],"product_tag":[],"acf":[],"_links":{"self":[{"href":"https:\/\/rayt.com\/ca\/wp-json\/wp\/v2\/product\/4106"}],"collection":[{"href":"https:\/\/rayt.com\/ca\/wp-json\/wp\/v2\/product"}],"about":[{"href":"https:\/\/rayt.com\/ca\/wp-json\/wp\/v2\/types\/product"}],"replies":[{"embeddable":true,"href":"https:\/\/rayt.com\/ca\/wp-json\/wp\/v2\/comments?post=4106"}],"wp:featuredmedia":[{"embeddable":true,"href":"https:\/\/rayt.com\/ca\/wp-json\/wp\/v2\/media\/8279"}],"wp:attachment":[{"href":"https:\/\/rayt.com\/ca\/wp-json\/wp\/v2\/media?parent=4106"}],"wp:term":[{"taxonomy":"product_cat","embeddable":true,"href":"https:\/\/rayt.com\/ca\/wp-json\/wp\/v2\/product_cat?post=4106"},{"taxonomy":"product_tag","embeddable":true,"href":"https:\/\/rayt.com\/ca\/wp-json\/wp\/v2\/product_tag?post=4106"}],"curies":[{"name":"wp","href":"https:\/\/api.w.org\/{rel}","templated":true}]}}