{"id":4301,"date":"2020-11-06T11:19:21","date_gmt":"2020-12-23T17:29:43","guid":{"rendered":"http:\/\/rayt.com\/?post_type=product&#038;p=4301"},"modified":"2021-02-12T10:05:12","modified_gmt":"2021-02-12T10:05:12","slug":"g-1091-a","status":"publish","type":"product","link":"https:\/\/rayt.com\/ca\/producto\/g-1091-a\/","title":{"rendered":"G-1091-A"},"content":{"rendered":"<p>AUTOADHESIU SINT\u00c8TIC EN DISPERSI\u00d3 AQUOSA. FORTAMENT AUTOADHESIU.<br \/>\nAdhesiu en dispersi\u00f3 amb propietats autoadhesives, per al seu \u00fas en tot tipus de manipulats de paper i cartr\u00f3.<br \/>\nUn cop seca, la pel\u00b7l\u00edcula t\u00e9 enganxositat permanent.<\/p>\n<h4>CARACTER\u00cdSTIQUES<\/h4>\n<p>Autoadhesiu d&#8217;alta cohesi\u00f3 i alt tack en sec.<br \/>\nElevada adhesi\u00f3 a substrats dif\u00edcils.<br \/>\nAplicaci\u00f3 amb corr\u00f3 o manual.<br \/>\nCompleix amb FDA 175.105 per a contacte indirecte amb aliments.<\/p>\n","protected":false},"excerpt":{"rendered":"<p>AUTOADHESIU SINT\u00c8TIC EN DISPERSI\u00d3 AQUOSA. FORTAMENT AUTOADHESIU. Adhesiu en dispersi\u00f3<\/p>\n","protected":false},"featured_media":2113,"comment_status":"open","ping_status":"closed","template":"","meta":{"_acf_changed":false},"product_cat":[597,630,1374,600,624],"product_tag":[],"acf":[],"_links":{"self":[{"href":"https:\/\/rayt.com\/ca\/wp-json\/wp\/v2\/product\/4301"}],"collection":[{"href":"https:\/\/rayt.com\/ca\/wp-json\/wp\/v2\/product"}],"about":[{"href":"https:\/\/rayt.com\/ca\/wp-json\/wp\/v2\/types\/product"}],"replies":[{"embeddable":true,"href":"https:\/\/rayt.com\/ca\/wp-json\/wp\/v2\/comments?post=4301"}],"wp:featuredmedia":[{"embeddable":true,"href":"https:\/\/rayt.com\/ca\/wp-json\/wp\/v2\/media\/2113"}],"wp:attachment":[{"href":"https:\/\/rayt.com\/ca\/wp-json\/wp\/v2\/media?parent=4301"}],"wp:term":[{"taxonomy":"product_cat","embeddable":true,"href":"https:\/\/rayt.com\/ca\/wp-json\/wp\/v2\/product_cat?post=4301"},{"taxonomy":"product_tag","embeddable":true,"href":"https:\/\/rayt.com\/ca\/wp-json\/wp\/v2\/product_tag?post=4301"}],"curies":[{"name":"wp","href":"https:\/\/api.w.org\/{rel}","templated":true}]}}