{"id":4305,"date":"2020-11-06T11:20:14","date_gmt":"2020-12-23T18:01:56","guid":{"rendered":"http:\/\/rayt.com\/?post_type=product&#038;p=4305"},"modified":"2021-02-12T10:06:31","modified_gmt":"2021-02-12T10:06:31","slug":"g-12-a","status":"publish","type":"product","link":"https:\/\/rayt.com\/ca\/producto\/g-12-a\/","title":{"rendered":"G-12-A"},"content":{"rendered":"<p>AUTOADHESIU EN DISPERSI\u00d3 AQUOSA PER MANIPULATS DE PAPER I CART\u00d3.<br \/>\nAutoadhesiu destinat a manipulats de paper i cartr\u00f3, encolats dif\u00edcils en general (per exemple polietil\u00e8) i al adhesivat de productes que es vulguin fer autoadhesius.<\/p>\n<h4>CARACTER\u00cdSTIQUES<\/h4>\n<p>Autoadhesiu d&#8217;alta cohesi\u00f3 i alt tack en sec.<br \/>\nElevada adhesi\u00f3 a substrats dif\u00edcils.<br \/>\nAplicaci\u00f3 amb corr\u00f3 o manual.<br \/>\nCompleix amb FDA 175.105 per a contacte indirecte amb aliments.<\/p>\n","protected":false},"excerpt":{"rendered":"<p>AUTOADHESIU EN DISPERSI\u00d3 AQUOSA PER MANIPULATS DE PAPER I CART\u00d3.<\/p>\n","protected":false},"featured_media":2113,"comment_status":"open","ping_status":"closed","template":"","meta":{"_acf_changed":false},"product_cat":[597,630,1374,600,624],"product_tag":[],"acf":[],"_links":{"self":[{"href":"https:\/\/rayt.com\/ca\/wp-json\/wp\/v2\/product\/4305"}],"collection":[{"href":"https:\/\/rayt.com\/ca\/wp-json\/wp\/v2\/product"}],"about":[{"href":"https:\/\/rayt.com\/ca\/wp-json\/wp\/v2\/types\/product"}],"replies":[{"embeddable":true,"href":"https:\/\/rayt.com\/ca\/wp-json\/wp\/v2\/comments?post=4305"}],"wp:featuredmedia":[{"embeddable":true,"href":"https:\/\/rayt.com\/ca\/wp-json\/wp\/v2\/media\/2113"}],"wp:attachment":[{"href":"https:\/\/rayt.com\/ca\/wp-json\/wp\/v2\/media?parent=4305"}],"wp:term":[{"taxonomy":"product_cat","embeddable":true,"href":"https:\/\/rayt.com\/ca\/wp-json\/wp\/v2\/product_cat?post=4305"},{"taxonomy":"product_tag","embeddable":true,"href":"https:\/\/rayt.com\/ca\/wp-json\/wp\/v2\/product_tag?post=4305"}],"curies":[{"name":"wp","href":"https:\/\/api.w.org\/{rel}","templated":true}]}}