{"id":4312,"date":"2020-11-06T09:51:22","date_gmt":"2020-12-23T18:53:41","guid":{"rendered":"http:\/\/rayt.com\/?post_type=product&#038;p=4312"},"modified":"2021-02-12T10:09:39","modified_gmt":"2021-02-12T10:09:39","slug":"g-6415","status":"publish","type":"product","link":"https:\/\/rayt.com\/ca\/producto\/g-6415\/","title":{"rendered":"G-6415"},"content":{"rendered":"<p>HOT-MELT AUTOADHESIU EN TACS.<br \/>\nAdhesiu termofusible indicat per a la fabricaci\u00f3 d&#8217;alguns tipus de materials autoadhesius com perfils, escumes, etc.<\/p>\n<h4>CARACTER\u00cdSTIQUES<\/h4>\n<p>Aplicable per corr\u00f3 o injectors, en aquest \u00faltim cas \u00e9s necessari assegurar-se que les caracter\u00edstiques de l&#8217;equip permeten aplicar un producte d&#8217;alta viscositat.<br \/>\nFabricaci\u00f3 de materials autoadhesius com perfils, escumes, enfeltrats. etc.<br \/>\nCompleix amb FDA 175.105 per a contacte indirecte amb aliments.<br \/>\nTemperatura d&#8217;aplicaci\u00f3: 160-180\u00baC.<\/p>\n","protected":false},"excerpt":{"rendered":"<p>HOT-MELT AUTOADHESIU EN TACS. Adhesiu termofusible indicat per a la<\/p>\n","protected":false},"featured_media":3012,"comment_status":"open","ping_status":"closed","template":"","meta":{"_acf_changed":false},"product_cat":[597,630,645,639,1354,1564,600,642,624],"product_tag":[],"acf":[],"_links":{"self":[{"href":"https:\/\/rayt.com\/ca\/wp-json\/wp\/v2\/product\/4312"}],"collection":[{"href":"https:\/\/rayt.com\/ca\/wp-json\/wp\/v2\/product"}],"about":[{"href":"https:\/\/rayt.com\/ca\/wp-json\/wp\/v2\/types\/product"}],"replies":[{"embeddable":true,"href":"https:\/\/rayt.com\/ca\/wp-json\/wp\/v2\/comments?post=4312"}],"wp:featuredmedia":[{"embeddable":true,"href":"https:\/\/rayt.com\/ca\/wp-json\/wp\/v2\/media\/3012"}],"wp:attachment":[{"href":"https:\/\/rayt.com\/ca\/wp-json\/wp\/v2\/media?parent=4312"}],"wp:term":[{"taxonomy":"product_cat","embeddable":true,"href":"https:\/\/rayt.com\/ca\/wp-json\/wp\/v2\/product_cat?post=4312"},{"taxonomy":"product_tag","embeddable":true,"href":"https:\/\/rayt.com\/ca\/wp-json\/wp\/v2\/product_tag?post=4312"}],"curies":[{"name":"wp","href":"https:\/\/api.w.org\/{rel}","templated":true}]}}