{"id":4420,"date":"2020-12-24T09:06:20","date_gmt":"2020-12-24T09:10:31","guid":{"rendered":"http:\/\/rayt.com\/?post_type=product&#038;p=4420"},"modified":"2021-02-12T10:26:16","modified_gmt":"2021-02-12T10:26:16","slug":"g-6593-n","status":"publish","type":"product","link":"https:\/\/rayt.com\/ca\/producto\/g-6593-n\/","title":{"rendered":"G-6593-N"},"content":{"rendered":"<p>HOT-MELT AUTOADHESIU AMOVIBLE PER ENCOLATS TEMPORALS.<br \/>\nAdhesiu termofusible especial per a la fixaci\u00f3 temporal de tot tipus de materials: Targetes o Carnets en mailings, Etiquetes, envasos &#8230; Permet retirar la uni\u00f3 sense esquin\u00e7ar els materials. Cal fer proves pr\u00e8vies.<\/p>\n<h4>CARACTER\u00cdSTIQUES<\/h4>\n<p>Subjecci\u00f3 temporal de diversos materials.<br \/>\nTemperatura d&#8217;aplicaci\u00f3: 150-170\u00baC.<br \/>\nEs desenganxa amb facilitat.<br \/>\nCompleix amb FDA 175.105 per a contacte indirecte amb aliments.<\/p>\n","protected":false},"excerpt":{"rendered":"<p>HOT-MELT AUTOADHESIU AMOVIBLE PER ENCOLATS TEMPORALS. Adhesiu termofusible especial per<\/p>\n","protected":false},"featured_media":3012,"comment_status":"open","ping_status":"closed","template":"","meta":{"_acf_changed":false},"product_cat":[597,1350,600,1028,618],"product_tag":[],"acf":[],"_links":{"self":[{"href":"https:\/\/rayt.com\/ca\/wp-json\/wp\/v2\/product\/4420"}],"collection":[{"href":"https:\/\/rayt.com\/ca\/wp-json\/wp\/v2\/product"}],"about":[{"href":"https:\/\/rayt.com\/ca\/wp-json\/wp\/v2\/types\/product"}],"replies":[{"embeddable":true,"href":"https:\/\/rayt.com\/ca\/wp-json\/wp\/v2\/comments?post=4420"}],"wp:featuredmedia":[{"embeddable":true,"href":"https:\/\/rayt.com\/ca\/wp-json\/wp\/v2\/media\/3012"}],"wp:attachment":[{"href":"https:\/\/rayt.com\/ca\/wp-json\/wp\/v2\/media?parent=4420"}],"wp:term":[{"taxonomy":"product_cat","embeddable":true,"href":"https:\/\/rayt.com\/ca\/wp-json\/wp\/v2\/product_cat?post=4420"},{"taxonomy":"product_tag","embeddable":true,"href":"https:\/\/rayt.com\/ca\/wp-json\/wp\/v2\/product_tag?post=4420"}],"curies":[{"name":"wp","href":"https:\/\/api.w.org\/{rel}","templated":true}]}}