{"id":4429,"date":"2020-11-06T10:13:30","date_gmt":"2020-12-24T10:02:09","guid":{"rendered":"http:\/\/rayt.com\/?post_type=product&#038;p=4429"},"modified":"2021-02-12T10:56:06","modified_gmt":"2021-02-12T10:56:06","slug":"soralc-303","status":"publish","type":"product","link":"https:\/\/rayt.com\/ca\/producto\/soralc-303\/","title":{"rendered":"SORALC 303"},"content":{"rendered":"<p>ADHESIU EN DISPERSI\u00d3 AQUOSA A BASE DE POL\u00cdMERS SINT\u00c8TICS.<br \/>\nAdhesiu llest a l&#8217;\u00fas per a encolat de llibres tant en m\u00e0quines autom\u00e0tiques com semi-manuals.<\/p>\n<h4>CARACTER\u00cdSTIQUES<\/h4>\n<p>Excel\u00b7lent penetraci\u00f3 en el paper.<br \/>\nAdequat per a aplicaci\u00f3 manual.<br \/>\nExcel\u00b7lent flexibilitat.<br \/>\nAssecat r\u00e0pid.<\/p>\n","protected":false},"excerpt":{"rendered":"<p>ADHESIU EN DISPERSI\u00d3 AQUOSA A BASE DE POL\u00cdMERS SINT\u00c8TICS. Adhesiu<\/p>\n","protected":false},"featured_media":3591,"comment_status":"open","ping_status":"closed","template":"","meta":{"_acf_changed":false},"product_cat":[597,1317,1329,612,603,1033,600,1036],"product_tag":[],"acf":[],"_links":{"self":[{"href":"https:\/\/rayt.com\/ca\/wp-json\/wp\/v2\/product\/4429"}],"collection":[{"href":"https:\/\/rayt.com\/ca\/wp-json\/wp\/v2\/product"}],"about":[{"href":"https:\/\/rayt.com\/ca\/wp-json\/wp\/v2\/types\/product"}],"replies":[{"embeddable":true,"href":"https:\/\/rayt.com\/ca\/wp-json\/wp\/v2\/comments?post=4429"}],"wp:featuredmedia":[{"embeddable":true,"href":"https:\/\/rayt.com\/ca\/wp-json\/wp\/v2\/media\/3591"}],"wp:attachment":[{"href":"https:\/\/rayt.com\/ca\/wp-json\/wp\/v2\/media?parent=4429"}],"wp:term":[{"taxonomy":"product_cat","embeddable":true,"href":"https:\/\/rayt.com\/ca\/wp-json\/wp\/v2\/product_cat?post=4429"},{"taxonomy":"product_tag","embeddable":true,"href":"https:\/\/rayt.com\/ca\/wp-json\/wp\/v2\/product_tag?post=4429"}],"curies":[{"name":"wp","href":"https:\/\/api.w.org\/{rel}","templated":true}]}}