{"id":4449,"date":"2020-11-06T10:08:32","date_gmt":"2020-12-24T11:12:57","guid":{"rendered":"http:\/\/rayt.com\/?post_type=product&#038;p=4449"},"modified":"2021-02-12T10:54:04","modified_gmt":"2021-02-12T10:54:04","slug":"g-1311-li","status":"publish","type":"product","link":"https:\/\/rayt.com\/ca\/producto\/g-1311-li\/","title":{"rendered":"G-1311-LI"},"content":{"rendered":"<p>ADHESIU SINT\u00c8TIC EN DISPERSI\u00d3 AQUOSA PER PAPER I CARTR\u00d3. ALTA QUALITAT.<br \/>\nAdhesiu adequat pel encolat de lloms de llibres en el proc\u00e9s d&#8217;enquadernaci\u00f3 i per manipulats de paper\/cartr\u00f3 en general.<\/p>\n<h4>CARACTER\u00cdSTIQUES<\/h4>\n<p>Utilitzaci\u00f3 tant en m\u00e0quines autom\u00e0tiques tipus KOLBUS, MARTINI, etc. com semi-manuals.<br \/>\nExcel\u00b7lent penetraci\u00f3 en el paper.<br \/>\nExcel\u00b7lent flexibilitat.<br \/>\nAssecat r\u00e0pid.<\/p>\n","protected":false},"excerpt":{"rendered":"<p>ADHESIU SINT\u00c8TIC EN DISPERSI\u00d3 AQUOSA PER PAPER I CARTR\u00d3. ALTA<\/p>\n","protected":false},"featured_media":2113,"comment_status":"open","ping_status":"closed","template":"","meta":{"_acf_changed":false},"product_cat":[597,1317,612,603,600],"product_tag":[],"acf":[],"_links":{"self":[{"href":"https:\/\/rayt.com\/ca\/wp-json\/wp\/v2\/product\/4449"}],"collection":[{"href":"https:\/\/rayt.com\/ca\/wp-json\/wp\/v2\/product"}],"about":[{"href":"https:\/\/rayt.com\/ca\/wp-json\/wp\/v2\/types\/product"}],"replies":[{"embeddable":true,"href":"https:\/\/rayt.com\/ca\/wp-json\/wp\/v2\/comments?post=4449"}],"wp:featuredmedia":[{"embeddable":true,"href":"https:\/\/rayt.com\/ca\/wp-json\/wp\/v2\/media\/2113"}],"wp:attachment":[{"href":"https:\/\/rayt.com\/ca\/wp-json\/wp\/v2\/media?parent=4449"}],"wp:term":[{"taxonomy":"product_cat","embeddable":true,"href":"https:\/\/rayt.com\/ca\/wp-json\/wp\/v2\/product_cat?post=4449"},{"taxonomy":"product_tag","embeddable":true,"href":"https:\/\/rayt.com\/ca\/wp-json\/wp\/v2\/product_tag?post=4449"}],"curies":[{"name":"wp","href":"https:\/\/api.w.org\/{rel}","templated":true}]}}