{"id":4491,"date":"2020-11-06T10:23:34","date_gmt":"2020-12-28T08:40:23","guid":{"rendered":"http:\/\/rayt.com\/?post_type=product&#038;p=4491"},"modified":"2021-02-12T11:00:40","modified_gmt":"2021-02-12T11:00:40","slug":"g-6439-p-blanco","status":"publish","type":"product","link":"https:\/\/rayt.com\/ca\/producto\/g-6439-p-blanco\/","title":{"rendered":"G-6439-P-BLANCO"},"content":{"rendered":"<p>HOT-MELT BLANC PER ENQUADERNACI\u00d3 DE LLIBRES I REVISTES.<br \/>\nAdhesiu blanc pigmentat especial per a enquadernaci\u00f3.<\/p>\n<h4>CARACTER\u00cdSTIQUES<\/h4>\n<p>Adhesiu per al llom de llibres en m\u00e0quines autom\u00e0tiques.<br \/>\nF\u00e0cil fusi\u00f3. Bona flu\u00efdesa.<br \/>\nBona flexibilitat.<br \/>\nTemps obert mitj\u00e0.<\/p>\n","protected":false},"excerpt":{"rendered":"<p>HOT-MELT BLANC PER ENQUADERNACI\u00d3 DE LLIBRES I REVISTES. Adhesiu blanc<\/p>\n","protected":false},"featured_media":2863,"comment_status":"open","ping_status":"closed","template":"","meta":{"_acf_changed":false},"product_cat":[597,612,603,1324,600],"product_tag":[],"acf":[],"_links":{"self":[{"href":"https:\/\/rayt.com\/ca\/wp-json\/wp\/v2\/product\/4491"}],"collection":[{"href":"https:\/\/rayt.com\/ca\/wp-json\/wp\/v2\/product"}],"about":[{"href":"https:\/\/rayt.com\/ca\/wp-json\/wp\/v2\/types\/product"}],"replies":[{"embeddable":true,"href":"https:\/\/rayt.com\/ca\/wp-json\/wp\/v2\/comments?post=4491"}],"wp:featuredmedia":[{"embeddable":true,"href":"https:\/\/rayt.com\/ca\/wp-json\/wp\/v2\/media\/2863"}],"wp:attachment":[{"href":"https:\/\/rayt.com\/ca\/wp-json\/wp\/v2\/media?parent=4491"}],"wp:term":[{"taxonomy":"product_cat","embeddable":true,"href":"https:\/\/rayt.com\/ca\/wp-json\/wp\/v2\/product_cat?post=4491"},{"taxonomy":"product_tag","embeddable":true,"href":"https:\/\/rayt.com\/ca\/wp-json\/wp\/v2\/product_tag?post=4491"}],"curies":[{"name":"wp","href":"https:\/\/api.w.org\/{rel}","templated":true}]}}