{"id":5007,"date":"2020-11-06T10:48:11","date_gmt":"2020-12-28T10:16:28","guid":{"rendered":"http:\/\/rayt.com\/?post_type=product&#038;p=5007"},"modified":"2021-02-12T10:50:22","modified_gmt":"2021-02-12T10:50:22","slug":"g-1402","status":"publish","type":"product","link":"https:\/\/rayt.com\/ca\/producto\/g-1402\/","title":{"rendered":"G-1402"},"content":{"rendered":"<p>ADHESIU SINT\u00c8TIC EN DISPERSI\u00d3 AQUOSA PER PAPER I CARTR\u00d3.<br \/>\nAdhesiu molt adequat per a l&#8217;entrada en tapes en enquadernaci\u00f3, fins i tot plastificades amb polipropil\u00e8.<br \/>\nTamb\u00e9 est\u00e0 indicat per al recobriment de carpetes i arxivadors, fins i tot plastificats.<\/p>\n<h4>CARACTER\u00cdSTIQUES<\/h4>\n<p>Bona adhesi\u00f3 sobre PVC, guaflex, OPP, etc.<br \/>\nExcel\u00b7lent comportament en m\u00e0quina.<br \/>\nEvita la formaci\u00f3 d&#8217;arrugues.<br \/>\nCompleix amb FDA 175.105 per a contacte indirecte amb aliments.<\/p>\n","protected":false},"excerpt":{"rendered":"<p>ADHESIU SINT\u00c8TIC EN DISPERSI\u00d3 AQUOSA PER PAPER I CARTR\u00d3. Adhesiu<\/p>\n","protected":false},"featured_media":2113,"comment_status":"open","ping_status":"closed","template":"","meta":{"_acf_changed":false},"product_cat":[597,1327,603,615,600],"product_tag":[],"acf":[],"_links":{"self":[{"href":"https:\/\/rayt.com\/ca\/wp-json\/wp\/v2\/product\/5007"}],"collection":[{"href":"https:\/\/rayt.com\/ca\/wp-json\/wp\/v2\/product"}],"about":[{"href":"https:\/\/rayt.com\/ca\/wp-json\/wp\/v2\/types\/product"}],"replies":[{"embeddable":true,"href":"https:\/\/rayt.com\/ca\/wp-json\/wp\/v2\/comments?post=5007"}],"wp:featuredmedia":[{"embeddable":true,"href":"https:\/\/rayt.com\/ca\/wp-json\/wp\/v2\/media\/2113"}],"wp:attachment":[{"href":"https:\/\/rayt.com\/ca\/wp-json\/wp\/v2\/media?parent=5007"}],"wp:term":[{"taxonomy":"product_cat","embeddable":true,"href":"https:\/\/rayt.com\/ca\/wp-json\/wp\/v2\/product_cat?post=5007"},{"taxonomy":"product_tag","embeddable":true,"href":"https:\/\/rayt.com\/ca\/wp-json\/wp\/v2\/product_tag?post=5007"}],"curies":[{"name":"wp","href":"https:\/\/api.w.org\/{rel}","templated":true}]}}