{"id":5029,"date":"2020-10-27T09:00:02","date_gmt":"2020-12-28T21:20:10","guid":{"rendered":"http:\/\/rayt.com\/?post_type=product&#038;p=5029"},"modified":"2020-12-28T21:20:10","modified_gmt":"2020-12-28T21:20:10","slug":"primacola-c-20","status":"publish","type":"product","link":"https:\/\/rayt.com\/ca\/producto\/primacola-c-20\/","title":{"rendered":"Primacola C-20"},"content":{"rendered":"<div id=\"description_block\">\n<div id=\"description_content\" class=\"rte align_justify\">\n<p>ADHESIU ACR\u00cdLIC UNILATERAL EN DISPERSI\u00d3 AQUOSA.<\/p>\n<\/div>\n<div id=\"description_content\" class=\"rte align_justify\">\n<p>Adhesiu acr\u00edlic, per paviments de PVC, moquetes i tot tipus de revestiments t\u00e8xtils amb diversos revers. S\u00f2ls i parets. El consum \u00e9s de 250-400 g\/m\u00b2.<\/p>\n<\/div>\n<\/div>\n<h4>CARACTER\u00cdSTIQUES<\/h4>\n<p>Apropiat per la compressi\u00f3 de les cadires de rodes conforme a la norma EN 12.529, per els sistemes de calefacci\u00f3 radiant per aigua calenta i per els m\u00e8todes de neteja (injecci\u00f3\/extracci\u00f3).<br \/>\nAdequat per \u00e0rees residencials\/professionals\/industrials, per exemple hospitals, centres comercials, \u00e0rees esportives.<br \/>\nAplicaci\u00f3 mitjan\u00e7ant rodet.<br \/>\nR\u00e0pida subjecci\u00f3 inicial amb formaci\u00f3 de fils (bris).<br \/>\nSense dissolvents. NO INFLAMABLE.<br \/>\nElevada resist\u00e8ncia final.<br \/>\nTemps curt d&#8217;aireaci\u00f3.<br \/>\nBona elasticitat.<\/p>\n","protected":false},"excerpt":{"rendered":"<p>ADHESIU ACR\u00cdLIC UNILATERAL EN DISPERSI\u00d3 AQUOSA. Adhesiu acr\u00edlic, per paviments<\/p>\n","protected":false},"featured_media":5673,"comment_status":"open","ping_status":"closed","template":"","meta":{"_acf_changed":false},"product_cat":[552,436],"product_tag":[],"acf":[],"_links":{"self":[{"href":"https:\/\/rayt.com\/ca\/wp-json\/wp\/v2\/product\/5029"}],"collection":[{"href":"https:\/\/rayt.com\/ca\/wp-json\/wp\/v2\/product"}],"about":[{"href":"https:\/\/rayt.com\/ca\/wp-json\/wp\/v2\/types\/product"}],"replies":[{"embeddable":true,"href":"https:\/\/rayt.com\/ca\/wp-json\/wp\/v2\/comments?post=5029"}],"wp:featuredmedia":[{"embeddable":true,"href":"https:\/\/rayt.com\/ca\/wp-json\/wp\/v2\/media\/5673"}],"wp:attachment":[{"href":"https:\/\/rayt.com\/ca\/wp-json\/wp\/v2\/media?parent=5029"}],"wp:term":[{"taxonomy":"product_cat","embeddable":true,"href":"https:\/\/rayt.com\/ca\/wp-json\/wp\/v2\/product_cat?post=5029"},{"taxonomy":"product_tag","embeddable":true,"href":"https:\/\/rayt.com\/ca\/wp-json\/wp\/v2\/product_tag?post=5029"}],"curies":[{"name":"wp","href":"https:\/\/api.w.org\/{rel}","templated":true}]}}