{"id":5037,"date":"2020-10-19T08:08:19","date_gmt":"2020-12-29T07:40:30","guid":{"rendered":"http:\/\/rayt.com\/?post_type=product&#038;p=5037"},"modified":"2021-02-25T08:49:47","modified_gmt":"2021-02-25T08:49:47","slug":"cola-blanca-extra","status":"publish","type":"product","link":"https:\/\/rayt.com\/ca\/producto\/cola-blanca-extra\/","title":{"rendered":"Cola Blanca Extra"},"content":{"rendered":"<div id=\"description_block\">\n<div id=\"description_content\" class=\"rte align_justify\">\n<p>ADHESIU EN DISPERSI\u00d3 AQUOSA DE PVA LLEST A L&#8217;\u00daS PER ENCOLATS DE FUSTA, PAPER, CARTR\u00d3.<\/p>\n<\/div>\n<div id=\"description_content\" class=\"rte align_justify\">\n<p>Adhesiu de molt alta qualitat, r\u00e0pid, per a fusta-fusta, fusta-estratificat pl\u00e0stic, paper, cartr\u00f3, cer\u00e0mica, sobre tot tipus de materials porosos.<\/p>\n<\/div>\n<\/div>\n<h4>CARACTER\u00cdSTIQUES<\/h4>\n<p>Adequat per fustes dures i\/o amb elevat contingut en tanins (sempre que s&#8217;eviti el contacte amb materials f\u00e8rrics).<br \/>\nAdhesiu de molt alta qualitat, adequat per a m\u00faltiples treballs en fusteria.<br \/>\nAplicable mitjan\u00e7ant encoladora de corrons, brotxa, pinzell, etc.<br \/>\nEncolats d&#8217;elevada resist\u00e8ncia a la tracci\u00f3 i a la calor.<br \/>\nElevada rapidesa de fraguat.<\/p>\n","protected":false},"excerpt":{"rendered":"<p>ADHESIU EN DISPERSI\u00d3 AQUOSA DE PVA LLEST A L&#8217;\u00daS PER<\/p>\n","protected":false},"featured_media":5371,"comment_status":"open","ping_status":"closed","template":"","meta":{"_acf_changed":false},"product_cat":[429,436],"product_tag":[],"acf":[],"_links":{"self":[{"href":"https:\/\/rayt.com\/ca\/wp-json\/wp\/v2\/product\/5037"}],"collection":[{"href":"https:\/\/rayt.com\/ca\/wp-json\/wp\/v2\/product"}],"about":[{"href":"https:\/\/rayt.com\/ca\/wp-json\/wp\/v2\/types\/product"}],"replies":[{"embeddable":true,"href":"https:\/\/rayt.com\/ca\/wp-json\/wp\/v2\/comments?post=5037"}],"wp:featuredmedia":[{"embeddable":true,"href":"https:\/\/rayt.com\/ca\/wp-json\/wp\/v2\/media\/5371"}],"wp:attachment":[{"href":"https:\/\/rayt.com\/ca\/wp-json\/wp\/v2\/media?parent=5037"}],"wp:term":[{"taxonomy":"product_cat","embeddable":true,"href":"https:\/\/rayt.com\/ca\/wp-json\/wp\/v2\/product_cat?post=5037"},{"taxonomy":"product_tag","embeddable":true,"href":"https:\/\/rayt.com\/ca\/wp-json\/wp\/v2\/product_tag?post=5037"}],"curies":[{"name":"wp","href":"https:\/\/api.w.org\/{rel}","templated":true}]}}