{"id":5043,"date":"2020-10-19T12:39:15","date_gmt":"2020-12-29T07:47:22","guid":{"rendered":"http:\/\/rayt.com\/?post_type=product&#038;p=5043"},"modified":"2020-12-29T07:47:22","modified_gmt":"2020-12-29T07:47:22","slug":"cola-blanca-sprint-d3","status":"publish","type":"product","link":"https:\/\/rayt.com\/ca\/producto\/cola-blanca-sprint-d3\/","title":{"rendered":"COLA BLANCA SPRINT D3"},"content":{"rendered":"<div id=\"description_block\">\n<div id=\"description_content\" class=\"rte align_justify\">\n<p>ADHESIU EN DISPERSI\u00d3 AQUOSA DE PVA RESISTENT A LA HUMITAT.<\/p>\n<\/div>\n<div id=\"description_content\" class=\"rte align_justify\">\n<p>Adhesiu apropiat per encolats de fusta que necessitin alta resist\u00e8ncia a la humitat. Compleix la norma D3 segons EN 204\/205.<\/p>\n<\/div>\n<\/div>\n<h4>CARACTER\u00cdSTIQUES<\/h4>\n<p>Excel\u00b7lent penetraci\u00f3 en la fusta, adequat en totes aquelles aplicacions en qu\u00e8 s&#8217;exigeixi bona resist\u00e8ncia a l&#8217;aigua, a la calor i a la tracci\u00f3.<br \/>\nResistent a la humitat, compleix EN 204 D3, amb enduridor compleix EN 204 D4.<br \/>\nAplicable mitjan\u00e7ant encoladora de corrons, brotxa, pinzell, etc.<br \/>\nMolt poca coloraci\u00f3 en fustes sensibles.<\/p>\n","protected":false},"excerpt":{"rendered":"<p>ADHESIU EN DISPERSI\u00d3 AQUOSA DE PVA RESISTENT A LA HUMITAT.<\/p>\n","protected":false},"featured_media":5044,"comment_status":"open","ping_status":"closed","template":"","meta":{"_acf_changed":false},"product_cat":[399,315],"product_tag":[],"acf":[],"_links":{"self":[{"href":"https:\/\/rayt.com\/ca\/wp-json\/wp\/v2\/product\/5043"}],"collection":[{"href":"https:\/\/rayt.com\/ca\/wp-json\/wp\/v2\/product"}],"about":[{"href":"https:\/\/rayt.com\/ca\/wp-json\/wp\/v2\/types\/product"}],"replies":[{"embeddable":true,"href":"https:\/\/rayt.com\/ca\/wp-json\/wp\/v2\/comments?post=5043"}],"wp:featuredmedia":[{"embeddable":true,"href":"https:\/\/rayt.com\/ca\/wp-json\/wp\/v2\/media\/5044"}],"wp:attachment":[{"href":"https:\/\/rayt.com\/ca\/wp-json\/wp\/v2\/media?parent=5043"}],"wp:term":[{"taxonomy":"product_cat","embeddable":true,"href":"https:\/\/rayt.com\/ca\/wp-json\/wp\/v2\/product_cat?post=5043"},{"taxonomy":"product_tag","embeddable":true,"href":"https:\/\/rayt.com\/ca\/wp-json\/wp\/v2\/product_tag?post=5043"}],"curies":[{"name":"wp","href":"https:\/\/api.w.org\/{rel}","templated":true}]}}