{"id":5050,"date":"2020-10-21T07:45:33","date_gmt":"2020-12-29T08:21:43","guid":{"rendered":"http:\/\/rayt.com\/?post_type=product&#038;p=5050"},"modified":"2021-02-22T10:37:33","modified_gmt":"2021-02-22T10:37:33","slug":"laca-acabado-brillante","status":"publish","type":"product","link":"https:\/\/rayt.com\/ca\/producto\/laca-acabado-brillante\/","title":{"rendered":"Laca acabado brillante"},"content":{"rendered":"<div id=\"description_block\">\n<div id=\"description_content\" class=\"rte align_justify\">\n<p>PRODUCTES D&#8217;ACABAT PER FUSTA.<\/p>\n<\/div>\n<div id=\"description_content\" class=\"rte align_justify\">\n<p>Laca nitrocel\u00b7lul\u00f2sica d&#8217;acabat brillant per a fusta.<br \/>\nAssecat r\u00e0pid, transpar\u00e8ncia i resist\u00e8ncia superficial.<br \/>\nEl rendiment es de 7-10 m\u00b2\/lt. per capa.<br \/>\nLa diluci\u00f3 es del 0 a 10%.<br \/>\n\u00daS EXCLUSIVAMENT INDUSTRIAL<\/p>\n<\/div>\n<\/div>\n<h4>CARACTER\u00cdSTIQUES<\/h4>\n<p>Excel\u00b7lents caracter\u00edstiques de lluentor, transpar\u00e8ncia, rapidesa d&#8217;assecat, extensibilitat, suavitat i resist\u00e8ncies mec\u00e0niques (esgarrapades, cops, etc) i qu\u00edmiques (productes qu\u00edmics de la llar).<br \/>\nPer a l&#8217;acabat de tot tipus de moble de fusta o superf\u00edcie de fusta per a interior, amb processos transparents de porus obert o tancat.<br \/>\nLaca nitrocel\u00b7lul\u00f2sica, d&#8217;acabat brillant, d&#8217;alta qualitat.<\/p>\n","protected":false},"excerpt":{"rendered":"<p>PRODUCTES D&#8217;ACABAT PER FUSTA. Laca nitrocel\u00b7lul\u00f2sica d&#8217;acabat brillant per a<\/p>\n","protected":false},"featured_media":5073,"comment_status":"open","ping_status":"closed","template":"","meta":{"_acf_changed":false},"product_cat":[436],"product_tag":[],"acf":[],"_links":{"self":[{"href":"https:\/\/rayt.com\/ca\/wp-json\/wp\/v2\/product\/5050"}],"collection":[{"href":"https:\/\/rayt.com\/ca\/wp-json\/wp\/v2\/product"}],"about":[{"href":"https:\/\/rayt.com\/ca\/wp-json\/wp\/v2\/types\/product"}],"replies":[{"embeddable":true,"href":"https:\/\/rayt.com\/ca\/wp-json\/wp\/v2\/comments?post=5050"}],"wp:featuredmedia":[{"embeddable":true,"href":"https:\/\/rayt.com\/ca\/wp-json\/wp\/v2\/media\/5073"}],"wp:attachment":[{"href":"https:\/\/rayt.com\/ca\/wp-json\/wp\/v2\/media?parent=5050"}],"wp:term":[{"taxonomy":"product_cat","embeddable":true,"href":"https:\/\/rayt.com\/ca\/wp-json\/wp\/v2\/product_cat?post=5050"},{"taxonomy":"product_tag","embeddable":true,"href":"https:\/\/rayt.com\/ca\/wp-json\/wp\/v2\/product_tag?post=5050"}],"curies":[{"name":"wp","href":"https:\/\/api.w.org\/{rel}","templated":true}]}}