{"id":5051,"date":"2020-10-21T07:38:53","date_gmt":"2020-12-29T08:27:58","guid":{"rendered":"http:\/\/rayt.com\/?post_type=product&#038;p=5051"},"modified":"2021-02-22T10:36:48","modified_gmt":"2021-02-22T10:36:48","slug":"laca-tapaporos","status":"publish","type":"product","link":"https:\/\/rayt.com\/ca\/producto\/laca-tapaporos\/","title":{"rendered":"Laca tapaporos"},"content":{"rendered":"<div id=\"description_block\">\n<div id=\"description_content\" class=\"rte align_justify\">\n<p>PRODUCTES D&#8217;ACABAT PER FUSTA.<\/p>\n<\/div>\n<div id=\"description_content\" class=\"rte align_justify\">\n<p>Segellador nitrocel\u00b7lul\u00f2sic per a fusta.<br \/>\nAlt poder de ompliment, r\u00e0pid assecat, transpar\u00e8ncia i f\u00e0cil polit.<br \/>\nEl rendiment es de 5-10 m\u00b2\/lt. per capa.<br \/>\nLa diluci\u00f3 es del 0 a 75%.<br \/>\n\u00daS EXCLUSIVAMENT INDUSTRIAL<\/p>\n<\/div>\n<\/div>\n<h4>CARACTER\u00cdSTIQUES<\/h4>\n<p>Per al segellat de tot tipus de moble de fusta o superf\u00edcie de fusta per a interior, amb processos transparents de porus obert o semi tancat.<br \/>\nCom a fons segellador llimable per acabar amb laques nitrocel\u00b7lul\u00f2siques o vernissos sint\u00e8tics.<br \/>\nTamb\u00e9 adequat com a producte bicapa (fons-acabat) o per acabar a la cera.<br \/>\nLaca nitrocel\u00b7lul\u00f2sica d&#8217;alta qualitat.<\/p>\n","protected":false},"excerpt":{"rendered":"<p>PRODUCTES D&#8217;ACABAT PER FUSTA. Segellador nitrocel\u00b7lul\u00f2sic per a fusta. Alt<\/p>\n","protected":false},"featured_media":5078,"comment_status":"open","ping_status":"closed","template":"","meta":{"_acf_changed":false},"product_cat":[436],"product_tag":[],"acf":[],"_links":{"self":[{"href":"https:\/\/rayt.com\/ca\/wp-json\/wp\/v2\/product\/5051"}],"collection":[{"href":"https:\/\/rayt.com\/ca\/wp-json\/wp\/v2\/product"}],"about":[{"href":"https:\/\/rayt.com\/ca\/wp-json\/wp\/v2\/types\/product"}],"replies":[{"embeddable":true,"href":"https:\/\/rayt.com\/ca\/wp-json\/wp\/v2\/comments?post=5051"}],"wp:featuredmedia":[{"embeddable":true,"href":"https:\/\/rayt.com\/ca\/wp-json\/wp\/v2\/media\/5078"}],"wp:attachment":[{"href":"https:\/\/rayt.com\/ca\/wp-json\/wp\/v2\/media?parent=5051"}],"wp:term":[{"taxonomy":"product_cat","embeddable":true,"href":"https:\/\/rayt.com\/ca\/wp-json\/wp\/v2\/product_cat?post=5051"},{"taxonomy":"product_tag","embeddable":true,"href":"https:\/\/rayt.com\/ca\/wp-json\/wp\/v2\/product_tag?post=5051"}],"curies":[{"name":"wp","href":"https:\/\/api.w.org\/{rel}","templated":true}]}}